{"id":655,"date":"2019-08-28T17:29:35","date_gmt":"2019-08-28T15:29:35","guid":{"rendered":"http:\/\/www.rconnecta.com\/?page_id=655"},"modified":"2021-02-08T18:59:44","modified_gmt":"2021-02-08T17:59:44","slug":"contacto","status":"publish","type":"page","link":"https:\/\/www.rconnecta.cat\/es\/contacto\/","title":{"rendered":"CONTACTO"},"content":{"rendered":"<h2>PONTE EN CONTACTO CON NOSOTROS<\/h2>\n<p>\u00bfTienes una empresa generadora de residuos? Ponte en contacto con nosotros. En <a href=\"https:\/\/www.rconnecta.com\"><strong>Rconnecta<\/strong><\/a> realizamos una correcta gesti\u00f3n de tus residuos siempre bajo el cumplimiento del marco legal vigente, asesorando tu empresa en la obtenci\u00f3n de los certificados medioambientales. Buscamos las soluciones m\u00e1s innovadoras d\u00e1ndole una oportunidad al residuo, convirtiendo tu empresa en <a href=\"https:\/\/es.wikipedia.org\/wiki\/Respetuoso_con_el_medio_ambiente\"><strong>eco-friendly<\/strong><\/a> y ayud\u00e1ndote en el ahorro de costes energ\u00e9ticos<\/p>\n<h2>\u00bfD\u00f3nde estamos?<\/h2>\n<p>Cam\u00ed de la Verneda, 35<br \/>\n08020 &#8211; Barcelona<\/p>\n<h2>Tel\u00e9fono<\/h2>\n<p>651 078 646<\/p>\n<p>\t\t\t<iframe frameborder=\"0\" scrolling=\"no\" marginheight=\"0\" marginwidth=\"0\" src=\"https:\/\/maps.google.com\/maps?q=Cami%20de%20la%20Verneda%2C%2035%2008820%20Brcelona&amp;t=m&amp;z=15&amp;output=embed&amp;iwloc=near\" aria-label=\"Cami de la Verneda, 35 08820 Brcelona\"><\/iframe>\t\t<\/p>\n<h2>Ponte en contacto con nosotros rellenando el formulario <\/h2>\n<p>\t\t\n<div class=\"wpcf7 no-js\" id=\"wpcf7-f1139-o1\" lang=\"\" dir=\"ltr\" data-wpcf7-id=\"1139\">\n<div class=\"screen-reader-response\"><p role=\"status\" aria-live=\"polite\" aria-atomic=\"true\"><\/p> <ul><\/ul><\/div>\n<form action=\"\/es\/wp-json\/wp\/v2\/pages\/655#wpcf7-f1139-o1\" method=\"post\" class=\"wpcf7-form init\" aria-label=\"Formulario de contacto\" novalidate=\"novalidate\" data-status=\"init\">\n<fieldset class=\"hidden-fields-container\"><input type=\"hidden\" name=\"_wpcf7\" value=\"1139\" \/><input type=\"hidden\" name=\"_wpcf7_version\" value=\"6.1.5\" \/><input type=\"hidden\" name=\"_wpcf7_locale\" value=\"\" \/><input type=\"hidden\" name=\"_wpcf7_unit_tag\" value=\"wpcf7-f1139-o1\" \/><input type=\"hidden\" name=\"_wpcf7_container_post\" value=\"0\" \/><input type=\"hidden\" name=\"_wpcf7_posted_data_hash\" value=\"\" \/>\n<\/fieldset>\n<p><label> Empresa*<br \/>\n<span class=\"wpcf7-form-control-wrap\" data-name=\"text-227\"><input size=\"40\" maxlength=\"400\" class=\"wpcf7-form-control wpcf7-text wpcf7-validates-as-required\" aria-required=\"true\" aria-invalid=\"false\" value=\"\" type=\"text\" name=\"text-227\" \/><\/span> <\/label>\n<\/p>\n<p><label> Nom i cognom*<br \/>\n<span class=\"wpcf7-form-control-wrap\" data-name=\"your-name\"><input size=\"40\" maxlength=\"400\" class=\"wpcf7-form-control wpcf7-text wpcf7-validates-as-required\" aria-required=\"true\" aria-invalid=\"false\" value=\"\" type=\"text\" name=\"your-name\" \/><\/span> <\/label>\n<\/p>\n<p><label>Email*<br \/>\n<span class=\"wpcf7-form-control-wrap\" data-name=\"your-email\"><input size=\"40\" maxlength=\"400\" class=\"wpcf7-form-control wpcf7-email wpcf7-validates-as-required wpcf7-text wpcf7-validates-as-email\" aria-required=\"true\" aria-invalid=\"false\" value=\"\" type=\"email\" name=\"your-email\" \/><\/span> <\/label>\n<\/p>\n<p><label>Missatge<br \/>\n<span class=\"wpcf7-form-control-wrap\" data-name=\"your-message\"><textarea cols=\"40\" rows=\"10\" maxlength=\"2000\" class=\"wpcf7-form-control wpcf7-textarea\" aria-invalid=\"false\" name=\"your-message\"><\/textarea><\/span> <\/label>\n<\/p>\n<p><span class=\"wpcf7-form-control-wrap\" data-name=\"acceptance-784\"><span class=\"wpcf7-form-control wpcf7-acceptance\"><span class=\"wpcf7-list-item\"><input type=\"checkbox\" name=\"acceptance-784\" value=\"1\" aria-invalid=\"false\" \/><\/span><\/span><\/span> Lea y accepta la <a href=\"https:\/\/www.rconnecta.cat\/avis-legal\/\"> Clausula Legal <\/a>\n<\/p>\n<p><input class=\"wpcf7-form-control wpcf7-submit has-spinner\" type=\"submit\" value=\"Enviar\" \/>\n<\/p><div class=\"wpcf7-response-output\" aria-hidden=\"true\"><\/div>\n<\/form>\n<\/div>\n<br \/>\n\t\t\t\t\t\t\t\t\t\t<img loading=\"lazy\" decoding=\"async\" width=\"150\" height=\"150\" src=\"https:\/\/www.rconnecta.cat\/wp-content\/uploads\/2019\/09\/contacta-amb-nosaltres-150x150.jpg\" alt=\"ponte en contacto con nosotros\" \/><\/p>\n","protected":false},"excerpt":{"rendered":"<p>PONTE EN CONTACTO CON NOSOTROS \u00bfTienes una empresa generadora de residuos? Ponte en contacto con nosotros. En Rconnecta realizamos una correcta gesti\u00f3n de tus residuos siempre bajo el cumplimiento del &#8230;<\/p>\n","protected":false},"author":3,"featured_media":0,"parent":0,"menu_order":0,"comment_status":"closed","ping_status":"closed","template":"elementor_canvas","meta":{"_exactmetrics_skip_tracking":false,"_exactmetrics_sitenote_active":false,"_exactmetrics_sitenote_note":"","_exactmetrics_sitenote_category":0,"footnotes":""},"class_list":["post-655","page","type-page","status-publish","hentry"],"yoast_head":"<!-- This site is optimized with the Yoast SEO plugin v27.5 - https:\/\/yoast.com\/product\/yoast-seo-wordpress\/ -->\n<title>Tu empresa genera residuos? Ponte en contacto con nosotros | Rconnecta<\/title>\n<meta name=\"description\" content=\"Tu empresa genera residuos? Realizamos una correcta gesti\u00f3n de tus residuos bajo el cumplimiento del marco legal vigente. Ponte en contacto con nosotros!\" \/>\n<meta name=\"robots\" content=\"index, follow, max-snippet:-1, max-image-preview:large, max-video-preview:-1\" \/>\n<link rel=\"canonical\" href=\"https:\/\/www.rconnecta.cat\/es\/contacto\/\" \/>\n<meta property=\"og:locale\" content=\"es_ES\" \/>\n<meta property=\"og:type\" content=\"article\" \/>\n<meta property=\"og:title\" content=\"Tu empresa genera residuos? Ponte en contacto con nosotros | Rconnecta\" \/>\n<meta property=\"og:description\" content=\"Tu empresa genera residuos? Realizamos una correcta gesti\u00f3n de tus residuos bajo el cumplimiento del marco legal vigente. Ponte en contacto con nosotros!\" \/>\n<meta property=\"og:url\" content=\"https:\/\/www.rconnecta.cat\/es\/contacto\/\" \/>\n<meta property=\"og:site_name\" content=\"Rconnecta\" \/>\n<meta property=\"article:publisher\" content=\"https:\/\/www.facebook.com\/Rconnecta-104195100959875\/?ref=br_rs\" \/>\n<meta property=\"article:modified_time\" content=\"2021-02-08T17:59:44+00:00\" \/>\n<meta property=\"og:image\" content=\"https:\/\/www.rconnecta.cat\/wp-content\/uploads\/2019\/09\/contacta-amb-nosaltres-150x150.jpg\" \/>\n<meta name=\"twitter:card\" content=\"summary_large_image\" \/>\n<script type=\"application\/ld+json\" class=\"yoast-schema-graph\">{\"@context\":\"https:\\\/\\\/schema.org\",\"@graph\":[{\"@type\":\"WebPage\",\"@id\":\"https:\\\/\\\/www.rconnecta.cat\\\/es\\\/contacto\\\/\",\"url\":\"https:\\\/\\\/www.rconnecta.cat\\\/es\\\/contacto\\\/\",\"name\":\"Tu empresa genera residuos? Ponte en contacto con nosotros | Rconnecta\",\"isPartOf\":{\"@id\":\"https:\\\/\\\/www.rconnecta.cat\\\/es\\\/#website\"},\"primaryImageOfPage\":{\"@id\":\"https:\\\/\\\/www.rconnecta.cat\\\/es\\\/contacto\\\/#primaryimage\"},\"image\":{\"@id\":\"https:\\\/\\\/www.rconnecta.cat\\\/es\\\/contacto\\\/#primaryimage\"},\"thumbnailUrl\":\"https:\\\/\\\/www.rconnecta.cat\\\/wp-content\\\/uploads\\\/2019\\\/09\\\/contacta-amb-nosaltres-150x150.jpg\",\"datePublished\":\"2019-08-28T15:29:35+00:00\",\"dateModified\":\"2021-02-08T17:59:44+00:00\",\"description\":\"Tu empresa genera residuos? Realizamos una correcta gesti\u00f3n de tus residuos bajo el cumplimiento del marco legal vigente. Ponte en contacto con nosotros!\",\"breadcrumb\":{\"@id\":\"https:\\\/\\\/www.rconnecta.cat\\\/es\\\/contacto\\\/#breadcrumb\"},\"inLanguage\":\"es\",\"potentialAction\":[{\"@type\":\"ReadAction\",\"target\":[\"https:\\\/\\\/www.rconnecta.cat\\\/es\\\/contacto\\\/\"]}]},{\"@type\":\"ImageObject\",\"inLanguage\":\"es\",\"@id\":\"https:\\\/\\\/www.rconnecta.cat\\\/es\\\/contacto\\\/#primaryimage\",\"url\":\"https:\\\/\\\/www.rconnecta.cat\\\/wp-content\\\/uploads\\\/2019\\\/09\\\/contacta-amb-nosaltres-150x150.jpg\",\"contentUrl\":\"https:\\\/\\\/www.rconnecta.cat\\\/wp-content\\\/uploads\\\/2019\\\/09\\\/contacta-amb-nosaltres-150x150.jpg\"},{\"@type\":\"BreadcrumbList\",\"@id\":\"https:\\\/\\\/www.rconnecta.cat\\\/es\\\/contacto\\\/#breadcrumb\",\"itemListElement\":[{\"@type\":\"ListItem\",\"position\":1,\"name\":\"Inici\",\"item\":\"https:\\\/\\\/www.rconnecta.cat\\\/es\\\/\"},{\"@type\":\"ListItem\",\"position\":2,\"name\":\"CONTACTO\"}]},{\"@type\":\"WebSite\",\"@id\":\"https:\\\/\\\/www.rconnecta.cat\\\/es\\\/#website\",\"url\":\"https:\\\/\\\/www.rconnecta.cat\\\/es\\\/\",\"name\":\"Rconnecta\",\"description\":\"Residus, reciclatge i reutilitzaci\u00f3\",\"publisher\":{\"@id\":\"https:\\\/\\\/www.rconnecta.cat\\\/es\\\/#organization\"},\"potentialAction\":[{\"@type\":\"SearchAction\",\"target\":{\"@type\":\"EntryPoint\",\"urlTemplate\":\"https:\\\/\\\/www.rconnecta.cat\\\/es\\\/?s={search_term_string}\"},\"query-input\":{\"@type\":\"PropertyValueSpecification\",\"valueRequired\":true,\"valueName\":\"search_term_string\"}}],\"inLanguage\":\"es\"},{\"@type\":\"Organization\",\"@id\":\"https:\\\/\\\/www.rconnecta.cat\\\/es\\\/#organization\",\"name\":\"Rconnecta\",\"url\":\"https:\\\/\\\/www.rconnecta.cat\\\/es\\\/\",\"logo\":{\"@type\":\"ImageObject\",\"inLanguage\":\"es\",\"@id\":\"https:\\\/\\\/www.rconnecta.cat\\\/es\\\/#\\\/schema\\\/logo\\\/image\\\/\",\"url\":\"https:\\\/\\\/www.rconnecta.cat\\\/wp-content\\\/uploads\\\/2019\\\/07\\\/logo-rconnecta-e1562766508646.png\",\"contentUrl\":\"https:\\\/\\\/www.rconnecta.cat\\\/wp-content\\\/uploads\\\/2019\\\/07\\\/logo-rconnecta-e1562766508646.png\",\"width\":351,\"height\":94,\"caption\":\"Rconnecta\"},\"image\":{\"@id\":\"https:\\\/\\\/www.rconnecta.cat\\\/es\\\/#\\\/schema\\\/logo\\\/image\\\/\"},\"sameAs\":[\"https:\\\/\\\/www.facebook.com\\\/Rconnecta-104195100959875\\\/?ref=br_rs\"]}]}<\/script>\n<!-- \/ Yoast SEO plugin. -->","yoast_head_json":{"title":"Tu empresa genera residuos? Ponte en contacto con nosotros | Rconnecta","description":"Tu empresa genera residuos? Realizamos una correcta gesti\u00f3n de tus residuos bajo el cumplimiento del marco legal vigente. Ponte en contacto con nosotros!","robots":{"index":"index","follow":"follow","max-snippet":"max-snippet:-1","max-image-preview":"max-image-preview:large","max-video-preview":"max-video-preview:-1"},"canonical":"https:\/\/www.rconnecta.cat\/es\/contacto\/","og_locale":"es_ES","og_type":"article","og_title":"Tu empresa genera residuos? Ponte en contacto con nosotros | Rconnecta","og_description":"Tu empresa genera residuos? Realizamos una correcta gesti\u00f3n de tus residuos bajo el cumplimiento del marco legal vigente. Ponte en contacto con nosotros!","og_url":"https:\/\/www.rconnecta.cat\/es\/contacto\/","og_site_name":"Rconnecta","article_publisher":"https:\/\/www.facebook.com\/Rconnecta-104195100959875\/?ref=br_rs","article_modified_time":"2021-02-08T17:59:44+00:00","og_image":[{"url":"https:\/\/www.rconnecta.cat\/wp-content\/uploads\/2019\/09\/contacta-amb-nosaltres-150x150.jpg","type":"","width":"","height":""}],"twitter_card":"summary_large_image","schema":{"@context":"https:\/\/schema.org","@graph":[{"@type":"WebPage","@id":"https:\/\/www.rconnecta.cat\/es\/contacto\/","url":"https:\/\/www.rconnecta.cat\/es\/contacto\/","name":"Tu empresa genera residuos? Ponte en contacto con nosotros | Rconnecta","isPartOf":{"@id":"https:\/\/www.rconnecta.cat\/es\/#website"},"primaryImageOfPage":{"@id":"https:\/\/www.rconnecta.cat\/es\/contacto\/#primaryimage"},"image":{"@id":"https:\/\/www.rconnecta.cat\/es\/contacto\/#primaryimage"},"thumbnailUrl":"https:\/\/www.rconnecta.cat\/wp-content\/uploads\/2019\/09\/contacta-amb-nosaltres-150x150.jpg","datePublished":"2019-08-28T15:29:35+00:00","dateModified":"2021-02-08T17:59:44+00:00","description":"Tu empresa genera residuos? Realizamos una correcta gesti\u00f3n de tus residuos bajo el cumplimiento del marco legal vigente. Ponte en contacto con nosotros!","breadcrumb":{"@id":"https:\/\/www.rconnecta.cat\/es\/contacto\/#breadcrumb"},"inLanguage":"es","potentialAction":[{"@type":"ReadAction","target":["https:\/\/www.rconnecta.cat\/es\/contacto\/"]}]},{"@type":"ImageObject","inLanguage":"es","@id":"https:\/\/www.rconnecta.cat\/es\/contacto\/#primaryimage","url":"https:\/\/www.rconnecta.cat\/wp-content\/uploads\/2019\/09\/contacta-amb-nosaltres-150x150.jpg","contentUrl":"https:\/\/www.rconnecta.cat\/wp-content\/uploads\/2019\/09\/contacta-amb-nosaltres-150x150.jpg"},{"@type":"BreadcrumbList","@id":"https:\/\/www.rconnecta.cat\/es\/contacto\/#breadcrumb","itemListElement":[{"@type":"ListItem","position":1,"name":"Inici","item":"https:\/\/www.rconnecta.cat\/es\/"},{"@type":"ListItem","position":2,"name":"CONTACTO"}]},{"@type":"WebSite","@id":"https:\/\/www.rconnecta.cat\/es\/#website","url":"https:\/\/www.rconnecta.cat\/es\/","name":"Rconnecta","description":"Residus, reciclatge i reutilitzaci\u00f3","publisher":{"@id":"https:\/\/www.rconnecta.cat\/es\/#organization"},"potentialAction":[{"@type":"SearchAction","target":{"@type":"EntryPoint","urlTemplate":"https:\/\/www.rconnecta.cat\/es\/?s={search_term_string}"},"query-input":{"@type":"PropertyValueSpecification","valueRequired":true,"valueName":"search_term_string"}}],"inLanguage":"es"},{"@type":"Organization","@id":"https:\/\/www.rconnecta.cat\/es\/#organization","name":"Rconnecta","url":"https:\/\/www.rconnecta.cat\/es\/","logo":{"@type":"ImageObject","inLanguage":"es","@id":"https:\/\/www.rconnecta.cat\/es\/#\/schema\/logo\/image\/","url":"https:\/\/www.rconnecta.cat\/wp-content\/uploads\/2019\/07\/logo-rconnecta-e1562766508646.png","contentUrl":"https:\/\/www.rconnecta.cat\/wp-content\/uploads\/2019\/07\/logo-rconnecta-e1562766508646.png","width":351,"height":94,"caption":"Rconnecta"},"image":{"@id":"https:\/\/www.rconnecta.cat\/es\/#\/schema\/logo\/image\/"},"sameAs":["https:\/\/www.facebook.com\/Rconnecta-104195100959875\/?ref=br_rs"]}]}},"jetpack_sharing_enabled":true,"_links":{"self":[{"href":"https:\/\/www.rconnecta.cat\/es\/wp-json\/wp\/v2\/pages\/655","targetHints":{"allow":["GET"]}}],"collection":[{"href":"https:\/\/www.rconnecta.cat\/es\/wp-json\/wp\/v2\/pages"}],"about":[{"href":"https:\/\/www.rconnecta.cat\/es\/wp-json\/wp\/v2\/types\/page"}],"author":[{"embeddable":true,"href":"https:\/\/www.rconnecta.cat\/es\/wp-json\/wp\/v2\/users\/3"}],"replies":[{"embeddable":true,"href":"https:\/\/www.rconnecta.cat\/es\/wp-json\/wp\/v2\/comments?post=655"}],"version-history":[{"count":37,"href":"https:\/\/www.rconnecta.cat\/es\/wp-json\/wp\/v2\/pages\/655\/revisions"}],"predecessor-version":[{"id":4676,"href":"https:\/\/www.rconnecta.cat\/es\/wp-json\/wp\/v2\/pages\/655\/revisions\/4676"}],"wp:attachment":[{"href":"https:\/\/www.rconnecta.cat\/es\/wp-json\/wp\/v2\/media?parent=655"}],"curies":[{"name":"wp","href":"https:\/\/api.w.org\/{rel}","templated":true}]}}