{"id":640,"date":"2019-08-28T17:26:37","date_gmt":"2019-08-28T15:26:37","guid":{"rendered":"http:\/\/www.rconnecta.com\/servicios\/"},"modified":"2021-02-04T17:39:08","modified_gmt":"2021-02-04T16:39:08","slug":"servicios","status":"publish","type":"page","link":"https:\/\/www.rconnecta.cat\/es\/servicios\/","title":{"rendered":"SERVICIOS"},"content":{"rendered":"\n<h2 class=\"wp-block-heading\">CONECTAMOS<br>EMPRESAS<\/h2>\n\n\n\n<p>Ayudamos empresas generadoras de residuos a encontrar soluciones creativas conect\u00e1ndolas con empresas que pueden reutilizarlos.<\/p>\n\n\n\n<h2 class=\"wp-block-heading\">NUESTROS SERVICIOS<\/h2>\n\n\n\n<p>Ofrecemos un servicio de gesti\u00f3n de residuos y proyectos a medida buscando nuevas soluciones para que \u00e9stos se conviertan en recursos.<\/p>\n\n\n\n<h2 class=\"wp-block-heading\">Servicio de reutilizaci\u00f3n<\/h2>\n\n\n\n<p>Trabajamos con recortes, remanentes y restos que permitan continuar dando el mismo uso que ten\u00edan como productos nuevos, alarg\u00e1ndoles la vida \u00fatil e introduci\u00e9ndolos nuevamente en el mercado. Fomentamos la reutilizaci\u00f3n sobre el reciclaje, aprovechando el 100% del residuo.<\/p>\n\n\n\n<h2 class=\"wp-block-heading\">Servicio de subproducto \/ producto<\/h2>\n\n\n\n<p>Introducir como materia prima un porcentaje de residuo de la industria generadora a la industria receptora con el fin de no comprar nuevos materiales, reduciendo costes a la empresa receptora y dando circularidad al residuo. Incluso a veces obtenemos un producto final.<\/p>\n\n\n\n<h2 class=\"wp-block-heading\">Servicio de innovaci\u00f3n y consultor\u00eda aplicada t\u00e9cnico-comercial<\/h2>\n\n\n\n<p><a href=\"https:\/\/www.rconnecta.com\">Rconnecta<\/a> elabora informes t\u00e9cnicos y econ\u00f3micos de forma que si el cliente nos da el visto bueno nos comprometemos a abrir mercado en el sector donde hemos encontrado la soluci\u00f3n, potenciando as\u00ed su venta. No solo aconsejamos, actuamos.<\/p>\n\n\n\n<h2 class=\"wp-block-heading\">Servicio de gesti\u00f3n de residuos<\/h2>\n\n\n\n<p>Estamos preparados para ofrecer un servicio de gesti\u00f3n de residuos tradicional si no le podemos dar otra salida. Nos encargamos de la trazabilidad de los residuos por encargo de las empresas, desde su origen hasta el destino final.<\/p>\n\n\n\n<h2 class=\"wp-block-heading\">VALOR A\u00d1ADIDO<\/h2>\n\n\n\n<p>Hacemos estudios de viabilidad t\u00e9cnica de los residuos. Si los resultados son positivos:<\/p>\n\n\n\n<h3 class=\"wp-block-heading\">Localizamos interesados<br>en el residuo como recurso<\/h3>\n\n\n\n<h3 class=\"wp-block-heading\">Intermediamos activamente<br>en la nueva cadena de valor<\/h3>\n\n\n\n<p>Ofrecemos a las empresas una soluci\u00f3n y nos involucramos en la nueva cadena de valor, eliminando los costes econ\u00f3micos que se generan en la gesti\u00f3n convencional de los residuos, incluso en algunos casos aportando beneficios.<\/p>\n\n\n\n<h3 class=\"wp-block-heading\">REDUCCI\u00d3N DE COSTES<br>AUMENTO DE INGRESOS<\/h3>\n\n\n\n<h3 class=\"wp-block-heading\">REBAJA DE LA<br>PRESI\u00d3N FISCAL<\/h3>\n\n\n\n<h3 class=\"wp-block-heading\">M\u00c1RQUETING VERDE HONESTO<br>FRENTE AL <a href=\"https:\/\/es.wikipedia.org\/wiki\/Greenwashing\/\">&#8220;GREEN WASHING&#8221;<\/a><\/h3>\n","protected":false},"excerpt":{"rendered":"<p>CONECTAMOSEMPRESAS Ayudamos empresas generadoras de residuos a encontrar soluciones creativas conect\u00e1ndolas con empresas que pueden reutilizarlos. NUESTROS SERVICIOS Ofrecemos un servicio de gesti\u00f3n de residuos y proyectos a medida buscando &#8230;<\/p>\n","protected":false},"author":3,"featured_media":0,"parent":0,"menu_order":0,"comment_status":"closed","ping_status":"closed","template":"","meta":{"_exactmetrics_skip_tracking":false,"_exactmetrics_sitenote_active":false,"_exactmetrics_sitenote_note":"","_exactmetrics_sitenote_category":0,"footnotes":""},"class_list":["post-640","page","type-page","status-publish","hentry"],"yoast_head":"<!-- This site is optimized with the Yoast SEO plugin v27.5 - https:\/\/yoast.com\/product\/yoast-seo-wordpress\/ -->\n<title>Servicio de gesti\u00f3n de residuos a medida - Rconnecta<\/title>\n<meta name=\"description\" content=\"Servicio de gesti\u00f3n de residuos y proyectos a medida, convirtiendo los residuos sean recursos. Adem\u00e1s, hacemos estudios de viabilidad t\u00e9cnica de residuos.\" \/>\n<meta name=\"robots\" content=\"index, follow, max-snippet:-1, max-image-preview:large, max-video-preview:-1\" \/>\n<link rel=\"canonical\" href=\"https:\/\/www.rconnecta.cat\/es\/servicios\/\" \/>\n<meta property=\"og:locale\" content=\"es_ES\" \/>\n<meta property=\"og:type\" content=\"article\" \/>\n<meta property=\"og:title\" content=\"Servicio de gesti\u00f3n de residuos a medida - Rconnecta\" \/>\n<meta property=\"og:description\" content=\"Servicio de gesti\u00f3n de residuos y proyectos a medida, convirtiendo los residuos sean recursos. Adem\u00e1s, hacemos estudios de viabilidad t\u00e9cnica de residuos.\" \/>\n<meta property=\"og:url\" content=\"https:\/\/www.rconnecta.cat\/es\/servicios\/\" \/>\n<meta property=\"og:site_name\" content=\"Rconnecta\" \/>\n<meta property=\"article:publisher\" content=\"https:\/\/www.facebook.com\/Rconnecta-104195100959875\/?ref=br_rs\" \/>\n<meta property=\"article:modified_time\" content=\"2021-02-04T16:39:08+00:00\" \/>\n<meta name=\"twitter:card\" content=\"summary_large_image\" \/>\n<meta name=\"twitter:label1\" content=\"Tiempo de lectura\" \/>\n\t<meta name=\"twitter:data1\" content=\"2 minutos\" \/>\n<script type=\"application\/ld+json\" class=\"yoast-schema-graph\">{\"@context\":\"https:\\\/\\\/schema.org\",\"@graph\":[{\"@type\":\"WebPage\",\"@id\":\"https:\\\/\\\/www.rconnecta.cat\\\/es\\\/servicios\\\/\",\"url\":\"https:\\\/\\\/www.rconnecta.cat\\\/es\\\/servicios\\\/\",\"name\":\"Servicio de gesti\u00f3n de residuos a medida - Rconnecta\",\"isPartOf\":{\"@id\":\"https:\\\/\\\/www.rconnecta.cat\\\/es\\\/#website\"},\"datePublished\":\"2019-08-28T15:26:37+00:00\",\"dateModified\":\"2021-02-04T16:39:08+00:00\",\"description\":\"Servicio de gesti\u00f3n de residuos y proyectos a medida, convirtiendo los residuos sean recursos. Adem\u00e1s, hacemos estudios de viabilidad t\u00e9cnica de residuos.\",\"breadcrumb\":{\"@id\":\"https:\\\/\\\/www.rconnecta.cat\\\/es\\\/servicios\\\/#breadcrumb\"},\"inLanguage\":\"es\",\"potentialAction\":[{\"@type\":\"ReadAction\",\"target\":[\"https:\\\/\\\/www.rconnecta.cat\\\/es\\\/servicios\\\/\"]}]},{\"@type\":\"BreadcrumbList\",\"@id\":\"https:\\\/\\\/www.rconnecta.cat\\\/es\\\/servicios\\\/#breadcrumb\",\"itemListElement\":[{\"@type\":\"ListItem\",\"position\":1,\"name\":\"Inici\",\"item\":\"https:\\\/\\\/www.rconnecta.cat\\\/es\\\/\"},{\"@type\":\"ListItem\",\"position\":2,\"name\":\"SERVICIOS\"}]},{\"@type\":\"WebSite\",\"@id\":\"https:\\\/\\\/www.rconnecta.cat\\\/es\\\/#website\",\"url\":\"https:\\\/\\\/www.rconnecta.cat\\\/es\\\/\",\"name\":\"Rconnecta\",\"description\":\"Residus, reciclatge i reutilitzaci\u00f3\",\"publisher\":{\"@id\":\"https:\\\/\\\/www.rconnecta.cat\\\/es\\\/#organization\"},\"potentialAction\":[{\"@type\":\"SearchAction\",\"target\":{\"@type\":\"EntryPoint\",\"urlTemplate\":\"https:\\\/\\\/www.rconnecta.cat\\\/es\\\/?s={search_term_string}\"},\"query-input\":{\"@type\":\"PropertyValueSpecification\",\"valueRequired\":true,\"valueName\":\"search_term_string\"}}],\"inLanguage\":\"es\"},{\"@type\":\"Organization\",\"@id\":\"https:\\\/\\\/www.rconnecta.cat\\\/es\\\/#organization\",\"name\":\"Rconnecta\",\"url\":\"https:\\\/\\\/www.rconnecta.cat\\\/es\\\/\",\"logo\":{\"@type\":\"ImageObject\",\"inLanguage\":\"es\",\"@id\":\"https:\\\/\\\/www.rconnecta.cat\\\/es\\\/#\\\/schema\\\/logo\\\/image\\\/\",\"url\":\"https:\\\/\\\/www.rconnecta.cat\\\/wp-content\\\/uploads\\\/2019\\\/07\\\/logo-rconnecta-e1562766508646.png\",\"contentUrl\":\"https:\\\/\\\/www.rconnecta.cat\\\/wp-content\\\/uploads\\\/2019\\\/07\\\/logo-rconnecta-e1562766508646.png\",\"width\":351,\"height\":94,\"caption\":\"Rconnecta\"},\"image\":{\"@id\":\"https:\\\/\\\/www.rconnecta.cat\\\/es\\\/#\\\/schema\\\/logo\\\/image\\\/\"},\"sameAs\":[\"https:\\\/\\\/www.facebook.com\\\/Rconnecta-104195100959875\\\/?ref=br_rs\"]}]}<\/script>\n<!-- \/ Yoast SEO plugin. -->","yoast_head_json":{"title":"Servicio de gesti\u00f3n de residuos a medida - Rconnecta","description":"Servicio de gesti\u00f3n de residuos y proyectos a medida, convirtiendo los residuos sean recursos. Adem\u00e1s, hacemos estudios de viabilidad t\u00e9cnica de residuos.","robots":{"index":"index","follow":"follow","max-snippet":"max-snippet:-1","max-image-preview":"max-image-preview:large","max-video-preview":"max-video-preview:-1"},"canonical":"https:\/\/www.rconnecta.cat\/es\/servicios\/","og_locale":"es_ES","og_type":"article","og_title":"Servicio de gesti\u00f3n de residuos a medida - Rconnecta","og_description":"Servicio de gesti\u00f3n de residuos y proyectos a medida, convirtiendo los residuos sean recursos. Adem\u00e1s, hacemos estudios de viabilidad t\u00e9cnica de residuos.","og_url":"https:\/\/www.rconnecta.cat\/es\/servicios\/","og_site_name":"Rconnecta","article_publisher":"https:\/\/www.facebook.com\/Rconnecta-104195100959875\/?ref=br_rs","article_modified_time":"2021-02-04T16:39:08+00:00","twitter_card":"summary_large_image","twitter_misc":{"Tiempo de lectura":"2 minutos"},"schema":{"@context":"https:\/\/schema.org","@graph":[{"@type":"WebPage","@id":"https:\/\/www.rconnecta.cat\/es\/servicios\/","url":"https:\/\/www.rconnecta.cat\/es\/servicios\/","name":"Servicio de gesti\u00f3n de residuos a medida - Rconnecta","isPartOf":{"@id":"https:\/\/www.rconnecta.cat\/es\/#website"},"datePublished":"2019-08-28T15:26:37+00:00","dateModified":"2021-02-04T16:39:08+00:00","description":"Servicio de gesti\u00f3n de residuos y proyectos a medida, convirtiendo los residuos sean recursos. Adem\u00e1s, hacemos estudios de viabilidad t\u00e9cnica de residuos.","breadcrumb":{"@id":"https:\/\/www.rconnecta.cat\/es\/servicios\/#breadcrumb"},"inLanguage":"es","potentialAction":[{"@type":"ReadAction","target":["https:\/\/www.rconnecta.cat\/es\/servicios\/"]}]},{"@type":"BreadcrumbList","@id":"https:\/\/www.rconnecta.cat\/es\/servicios\/#breadcrumb","itemListElement":[{"@type":"ListItem","position":1,"name":"Inici","item":"https:\/\/www.rconnecta.cat\/es\/"},{"@type":"ListItem","position":2,"name":"SERVICIOS"}]},{"@type":"WebSite","@id":"https:\/\/www.rconnecta.cat\/es\/#website","url":"https:\/\/www.rconnecta.cat\/es\/","name":"Rconnecta","description":"Residus, reciclatge i reutilitzaci\u00f3","publisher":{"@id":"https:\/\/www.rconnecta.cat\/es\/#organization"},"potentialAction":[{"@type":"SearchAction","target":{"@type":"EntryPoint","urlTemplate":"https:\/\/www.rconnecta.cat\/es\/?s={search_term_string}"},"query-input":{"@type":"PropertyValueSpecification","valueRequired":true,"valueName":"search_term_string"}}],"inLanguage":"es"},{"@type":"Organization","@id":"https:\/\/www.rconnecta.cat\/es\/#organization","name":"Rconnecta","url":"https:\/\/www.rconnecta.cat\/es\/","logo":{"@type":"ImageObject","inLanguage":"es","@id":"https:\/\/www.rconnecta.cat\/es\/#\/schema\/logo\/image\/","url":"https:\/\/www.rconnecta.cat\/wp-content\/uploads\/2019\/07\/logo-rconnecta-e1562766508646.png","contentUrl":"https:\/\/www.rconnecta.cat\/wp-content\/uploads\/2019\/07\/logo-rconnecta-e1562766508646.png","width":351,"height":94,"caption":"Rconnecta"},"image":{"@id":"https:\/\/www.rconnecta.cat\/es\/#\/schema\/logo\/image\/"},"sameAs":["https:\/\/www.facebook.com\/Rconnecta-104195100959875\/?ref=br_rs"]}]}},"jetpack_sharing_enabled":true,"_links":{"self":[{"href":"https:\/\/www.rconnecta.cat\/es\/wp-json\/wp\/v2\/pages\/640","targetHints":{"allow":["GET"]}}],"collection":[{"href":"https:\/\/www.rconnecta.cat\/es\/wp-json\/wp\/v2\/pages"}],"about":[{"href":"https:\/\/www.rconnecta.cat\/es\/wp-json\/wp\/v2\/types\/page"}],"author":[{"embeddable":true,"href":"https:\/\/www.rconnecta.cat\/es\/wp-json\/wp\/v2\/users\/3"}],"replies":[{"embeddable":true,"href":"https:\/\/www.rconnecta.cat\/es\/wp-json\/wp\/v2\/comments?post=640"}],"version-history":[{"count":23,"href":"https:\/\/www.rconnecta.cat\/es\/wp-json\/wp\/v2\/pages\/640\/revisions"}],"predecessor-version":[{"id":4492,"href":"https:\/\/www.rconnecta.cat\/es\/wp-json\/wp\/v2\/pages\/640\/revisions\/4492"}],"wp:attachment":[{"href":"https:\/\/www.rconnecta.cat\/es\/wp-json\/wp\/v2\/media?parent=640"}],"curies":[{"name":"wp","href":"https:\/\/api.w.org\/{rel}","templated":true}]}}