{"id":5855,"date":"2021-06-05T07:44:29","date_gmt":"2021-06-05T05:44:29","guid":{"rendered":"https:\/\/www.rconnecta.cat\/valor-anadido\/"},"modified":"2021-06-05T07:44:29","modified_gmt":"2021-06-05T05:44:29","slug":"valor-anadido","status":"publish","type":"page","link":"https:\/\/www.rconnecta.cat\/es\/valor-anadido\/","title":{"rendered":"VALOR A\u00d1ADIDO"},"content":{"rendered":"\n<p>Hacemos estudios de viabilidad t\u00e9cnica de los residuos. Si los resultados son positivos:<\/p>\n\n<p>Localizamos interesados en el residuo como recurso. Intermediamos activamente en la nueva cadena de valor.<\/p>\n\n<p>Ofrecemos a las empresas una soluci\u00f3n y nos involucramos en la nueva cadena de valor, eliminando los costes econ\u00f3micos que se generan en la gesti\u00f3n convencional de los residuos e incluso, en algunos casos, aportando beneficios.<\/p>\n\n<p>Somos FACILITADORES del proceso de REUTILIZACI\u00d3N y damos soluciones ofreciendo:<\/p>\n\n<p>REDUCCI\u00d3N DE COSTES<br\/>AUMENTO DE INGRESOS<br\/>REBAJA DE LA<br\/>PRESI\u00d3N FISCAL<br\/>M\u00c1RQUETING VERDE HONEST<br\/>ENFRONT &#8220;GREEN WASHING&#8221;<\/p>\n","protected":false},"excerpt":{"rendered":"<p>Hacemos estudios de viabilidad t\u00e9cnica de los residuos. Si los resultados son positivos: Localizamos interesados en el residuo como recurso. Intermediamos activamente en la nueva cadena de valor. Ofrecemos a &#8230;<\/p>\n","protected":false},"author":7,"featured_media":0,"parent":0,"menu_order":0,"comment_status":"closed","ping_status":"closed","template":"","meta":{"_exactmetrics_skip_tracking":false,"_exactmetrics_sitenote_active":false,"_exactmetrics_sitenote_note":"","_exactmetrics_sitenote_category":0,"footnotes":""},"class_list":["post-5855","page","type-page","status-publish","hentry"],"yoast_head":"<!-- This site is optimized with the Yoast SEO plugin v27.4 - https:\/\/yoast.com\/product\/yoast-seo-wordpress\/ -->\n<title>VALOR A\u00d1ADIDO - Rconnecta<\/title>\n<meta name=\"robots\" content=\"index, follow, max-snippet:-1, max-image-preview:large, max-video-preview:-1\" \/>\n<link rel=\"canonical\" href=\"https:\/\/www.rconnecta.cat\/es\/valor-anadido\/\" \/>\n<meta property=\"og:locale\" content=\"es_ES\" \/>\n<meta property=\"og:type\" content=\"article\" \/>\n<meta property=\"og:title\" content=\"VALOR A\u00d1ADIDO - Rconnecta\" \/>\n<meta property=\"og:description\" content=\"Hacemos estudios de viabilidad t\u00e9cnica de los residuos. Si los resultados son positivos: Localizamos interesados en el residuo como recurso. Intermediamos activamente en la nueva cadena de valor. Ofrecemos a ...\" \/>\n<meta property=\"og:url\" content=\"https:\/\/www.rconnecta.cat\/es\/valor-anadido\/\" \/>\n<meta property=\"og:site_name\" content=\"Rconnecta\" \/>\n<meta property=\"article:publisher\" content=\"https:\/\/www.facebook.com\/Rconnecta-104195100959875\/?ref=br_rs\" \/>\n<meta name=\"twitter:card\" content=\"summary_large_image\" \/>\n<script type=\"application\/ld+json\" class=\"yoast-schema-graph\">{\"@context\":\"https:\\\/\\\/schema.org\",\"@graph\":[{\"@type\":\"WebPage\",\"@id\":\"https:\\\/\\\/www.rconnecta.cat\\\/es\\\/valor-anadido\\\/\",\"url\":\"https:\\\/\\\/www.rconnecta.cat\\\/es\\\/valor-anadido\\\/\",\"name\":\"VALOR A\u00d1ADIDO - Rconnecta\",\"isPartOf\":{\"@id\":\"https:\\\/\\\/www.rconnecta.cat\\\/es\\\/#website\"},\"datePublished\":\"2021-06-05T05:44:29+00:00\",\"breadcrumb\":{\"@id\":\"https:\\\/\\\/www.rconnecta.cat\\\/es\\\/valor-anadido\\\/#breadcrumb\"},\"inLanguage\":\"es\",\"potentialAction\":[{\"@type\":\"ReadAction\",\"target\":[\"https:\\\/\\\/www.rconnecta.cat\\\/es\\\/valor-anadido\\\/\"]}]},{\"@type\":\"BreadcrumbList\",\"@id\":\"https:\\\/\\\/www.rconnecta.cat\\\/es\\\/valor-anadido\\\/#breadcrumb\",\"itemListElement\":[{\"@type\":\"ListItem\",\"position\":1,\"name\":\"Inici\",\"item\":\"https:\\\/\\\/www.rconnecta.cat\\\/es\\\/\"},{\"@type\":\"ListItem\",\"position\":2,\"name\":\"VALOR A\u00d1ADIDO\"}]},{\"@type\":\"WebSite\",\"@id\":\"https:\\\/\\\/www.rconnecta.cat\\\/es\\\/#website\",\"url\":\"https:\\\/\\\/www.rconnecta.cat\\\/es\\\/\",\"name\":\"Rconnecta\",\"description\":\"Residus, reciclatge i reutilitzaci\u00f3\",\"publisher\":{\"@id\":\"https:\\\/\\\/www.rconnecta.cat\\\/es\\\/#organization\"},\"potentialAction\":[{\"@type\":\"SearchAction\",\"target\":{\"@type\":\"EntryPoint\",\"urlTemplate\":\"https:\\\/\\\/www.rconnecta.cat\\\/es\\\/?s={search_term_string}\"},\"query-input\":{\"@type\":\"PropertyValueSpecification\",\"valueRequired\":true,\"valueName\":\"search_term_string\"}}],\"inLanguage\":\"es\"},{\"@type\":\"Organization\",\"@id\":\"https:\\\/\\\/www.rconnecta.cat\\\/es\\\/#organization\",\"name\":\"Rconnecta\",\"url\":\"https:\\\/\\\/www.rconnecta.cat\\\/es\\\/\",\"logo\":{\"@type\":\"ImageObject\",\"inLanguage\":\"es\",\"@id\":\"https:\\\/\\\/www.rconnecta.cat\\\/es\\\/#\\\/schema\\\/logo\\\/image\\\/\",\"url\":\"https:\\\/\\\/www.rconnecta.cat\\\/wp-content\\\/uploads\\\/2019\\\/07\\\/logo-rconnecta-e1562766508646.png\",\"contentUrl\":\"https:\\\/\\\/www.rconnecta.cat\\\/wp-content\\\/uploads\\\/2019\\\/07\\\/logo-rconnecta-e1562766508646.png\",\"width\":351,\"height\":94,\"caption\":\"Rconnecta\"},\"image\":{\"@id\":\"https:\\\/\\\/www.rconnecta.cat\\\/es\\\/#\\\/schema\\\/logo\\\/image\\\/\"},\"sameAs\":[\"https:\\\/\\\/www.facebook.com\\\/Rconnecta-104195100959875\\\/?ref=br_rs\"]}]}<\/script>\n<!-- \/ Yoast SEO plugin. -->","yoast_head_json":{"title":"VALOR A\u00d1ADIDO - Rconnecta","robots":{"index":"index","follow":"follow","max-snippet":"max-snippet:-1","max-image-preview":"max-image-preview:large","max-video-preview":"max-video-preview:-1"},"canonical":"https:\/\/www.rconnecta.cat\/es\/valor-anadido\/","og_locale":"es_ES","og_type":"article","og_title":"VALOR A\u00d1ADIDO - Rconnecta","og_description":"Hacemos estudios de viabilidad t\u00e9cnica de los residuos. Si los resultados son positivos: Localizamos interesados en el residuo como recurso. Intermediamos activamente en la nueva cadena de valor. Ofrecemos a ...","og_url":"https:\/\/www.rconnecta.cat\/es\/valor-anadido\/","og_site_name":"Rconnecta","article_publisher":"https:\/\/www.facebook.com\/Rconnecta-104195100959875\/?ref=br_rs","twitter_card":"summary_large_image","schema":{"@context":"https:\/\/schema.org","@graph":[{"@type":"WebPage","@id":"https:\/\/www.rconnecta.cat\/es\/valor-anadido\/","url":"https:\/\/www.rconnecta.cat\/es\/valor-anadido\/","name":"VALOR A\u00d1ADIDO - Rconnecta","isPartOf":{"@id":"https:\/\/www.rconnecta.cat\/es\/#website"},"datePublished":"2021-06-05T05:44:29+00:00","breadcrumb":{"@id":"https:\/\/www.rconnecta.cat\/es\/valor-anadido\/#breadcrumb"},"inLanguage":"es","potentialAction":[{"@type":"ReadAction","target":["https:\/\/www.rconnecta.cat\/es\/valor-anadido\/"]}]},{"@type":"BreadcrumbList","@id":"https:\/\/www.rconnecta.cat\/es\/valor-anadido\/#breadcrumb","itemListElement":[{"@type":"ListItem","position":1,"name":"Inici","item":"https:\/\/www.rconnecta.cat\/es\/"},{"@type":"ListItem","position":2,"name":"VALOR A\u00d1ADIDO"}]},{"@type":"WebSite","@id":"https:\/\/www.rconnecta.cat\/es\/#website","url":"https:\/\/www.rconnecta.cat\/es\/","name":"Rconnecta","description":"Residus, reciclatge i reutilitzaci\u00f3","publisher":{"@id":"https:\/\/www.rconnecta.cat\/es\/#organization"},"potentialAction":[{"@type":"SearchAction","target":{"@type":"EntryPoint","urlTemplate":"https:\/\/www.rconnecta.cat\/es\/?s={search_term_string}"},"query-input":{"@type":"PropertyValueSpecification","valueRequired":true,"valueName":"search_term_string"}}],"inLanguage":"es"},{"@type":"Organization","@id":"https:\/\/www.rconnecta.cat\/es\/#organization","name":"Rconnecta","url":"https:\/\/www.rconnecta.cat\/es\/","logo":{"@type":"ImageObject","inLanguage":"es","@id":"https:\/\/www.rconnecta.cat\/es\/#\/schema\/logo\/image\/","url":"https:\/\/www.rconnecta.cat\/wp-content\/uploads\/2019\/07\/logo-rconnecta-e1562766508646.png","contentUrl":"https:\/\/www.rconnecta.cat\/wp-content\/uploads\/2019\/07\/logo-rconnecta-e1562766508646.png","width":351,"height":94,"caption":"Rconnecta"},"image":{"@id":"https:\/\/www.rconnecta.cat\/es\/#\/schema\/logo\/image\/"},"sameAs":["https:\/\/www.facebook.com\/Rconnecta-104195100959875\/?ref=br_rs"]}]}},"jetpack_sharing_enabled":true,"_links":{"self":[{"href":"https:\/\/www.rconnecta.cat\/es\/wp-json\/wp\/v2\/pages\/5855","targetHints":{"allow":["GET"]}}],"collection":[{"href":"https:\/\/www.rconnecta.cat\/es\/wp-json\/wp\/v2\/pages"}],"about":[{"href":"https:\/\/www.rconnecta.cat\/es\/wp-json\/wp\/v2\/types\/page"}],"author":[{"embeddable":true,"href":"https:\/\/www.rconnecta.cat\/es\/wp-json\/wp\/v2\/users\/7"}],"replies":[{"embeddable":true,"href":"https:\/\/www.rconnecta.cat\/es\/wp-json\/wp\/v2\/comments?post=5855"}],"version-history":[{"count":1,"href":"https:\/\/www.rconnecta.cat\/es\/wp-json\/wp\/v2\/pages\/5855\/revisions"}],"predecessor-version":[{"id":5856,"href":"https:\/\/www.rconnecta.cat\/es\/wp-json\/wp\/v2\/pages\/5855\/revisions\/5856"}],"wp:attachment":[{"href":"https:\/\/www.rconnecta.cat\/es\/wp-json\/wp\/v2\/media?parent=5855"}],"curies":[{"name":"wp","href":"https:\/\/api.w.org\/{rel}","templated":true}]}}