{"id":5853,"date":"2021-06-05T07:39:43","date_gmt":"2021-06-05T05:39:43","guid":{"rendered":"https:\/\/www.rconnecta.cat\/quienes-somos-3\/"},"modified":"2021-06-05T07:39:44","modified_gmt":"2021-06-05T05:39:44","slug":"quienes-somos-3","status":"publish","type":"page","link":"https:\/\/www.rconnecta.cat\/es\/quienes-somos-3\/","title":{"rendered":"Quienes somos"},"content":{"rendered":"\n<figure class=\"wp-block-image size-large\"><img decoding=\"async\" src=\"https:\/\/www.rconnecta.cat\/wp-content\/uploads\/2019\/08\/economia-social.jpg\" alt=\"Trabajamos econom&#xED;a circular\" class=\"wp-image-752\"\/><\/figure>\n<p><\/p>\n\n<h2 class=\"wp-block-heading\">Somos agentes de residuos autorizados por la Agencia Catalana de Residuos con el n.\u00ba de registro A-10163.<\/h2>\n\n<p>Desde nuestros inicios, el octubre de 2017, hemos trabajado siempre siguiendo un mismo prop\u00f3sito: encontrar soluciones creativas y t\u00e9cnicas para empresas generadoras de residuos, conect\u00e1ndolas con otros que pueden reutilizarlos.<\/p>\n\n<p><strong><a href=\"https:\/\/www.rconnecta.cat\/es\/bienvenidos-a-rconnecta\/\">Nuestro m\u00e1ximo indicador<\/a> son las toneladas que recuperamos del vertedero para darle un uso<\/strong>. Desde octubre de 2017 hasta octubre de 2020, hemos conseguido que 32.000 toneladas no acaben al vertedero.<\/p>\n\n<p><a href=\"https:\/\/www.linkedin.com\/company\/71255270\/admin\/\">Rconnecta<\/a> realizamos una correcta gesti\u00f3n de los residuos, siempre bajo el cumplimiento del marco legal vigente, asesorando a las empresas en la obtenci\u00f3n de los certificados medioambientales. Es por este motivo que buscamos las soluciones m\u00e1s innovadoras, d\u00e1ndole una oportunidad en los residuos, convirtiendo las empresas en <strong>eco-friendly<\/strong> y ayud\u00e1ndolas en el <strong>ahorro de costes energ\u00e9ticos<\/strong>.<\/p>\n\n<figure class=\"wp-block-image size-large\"><img loading=\"lazy\" decoding=\"async\" width=\"1024\" height=\"692\" src=\"https:\/\/www.rconnecta.cat\/wp-content\/uploads\/2021\/05\/shutterstock_192450863-1024x692.jpg\" alt=\"\" class=\"wp-image-5433\" srcset=\"https:\/\/www.rconnecta.cat\/wp-content\/uploads\/2021\/05\/shutterstock_192450863-1024x692.jpg 1024w, https:\/\/www.rconnecta.cat\/wp-content\/uploads\/2021\/05\/shutterstock_192450863-300x203.jpg 300w, https:\/\/www.rconnecta.cat\/wp-content\/uploads\/2021\/05\/shutterstock_192450863-768x519.jpg 768w, https:\/\/www.rconnecta.cat\/wp-content\/uploads\/2021\/05\/shutterstock_192450863-1536x1038.jpg 1536w, https:\/\/www.rconnecta.cat\/wp-content\/uploads\/2021\/05\/shutterstock_192450863-2048x1385.jpg 2048w, https:\/\/www.rconnecta.cat\/wp-content\/uploads\/2021\/05\/shutterstock_192450863-50x34.jpg 50w\" sizes=\"auto, (max-width: 1024px) 100vw, 1024px\" \/><\/figure>\n<h2 class=\"wp-block-heading\"><strong>MISI\u00d3N, VISI\u00d3N Y VALORES<\/strong>&#13;\n<\/h2>\n\n<p><\/p>\n\n<p><strong>MISI\u00d3N, VISI\u00d3N Y VALORES<\/strong><\/p>\n\n<p><strong>Visi\u00f3n<\/strong>: Queremos ser agentes activos por un mundo sin residuos.<\/p>\n\n<p>&#13;\n<strong>Valores<\/strong>: Protecci\u00f3n del medio ambiente (de las personas). Transparencia con el que basura y el que somos. Esp\u00edritu colaborador. Vocaci\u00f3n de servicio, excelencia, profesionalidad y honestidad.<\/p>\n","protected":false},"excerpt":{"rendered":"<p>Somos agentes de residuos autorizados por la Agencia Catalana de Residuos con el n.\u00ba de registro A-10163. Desde nuestros inicios, el octubre de 2017, hemos trabajado siempre siguiendo un mismo &#8230;<\/p>\n","protected":false},"author":3,"featured_media":0,"parent":0,"menu_order":0,"comment_status":"closed","ping_status":"closed","template":"","meta":{"_exactmetrics_skip_tracking":false,"_exactmetrics_sitenote_active":false,"_exactmetrics_sitenote_note":"","_exactmetrics_sitenote_category":0,"footnotes":""},"class_list":["post-5853","page","type-page","status-publish","hentry"],"yoast_head":"<!-- This site is optimized with the Yoast SEO plugin v27.4 - https:\/\/yoast.com\/product\/yoast-seo-wordpress\/ -->\n<title>Quienes somos - Rconnecta<\/title>\n<meta name=\"robots\" content=\"index, follow, max-snippet:-1, max-image-preview:large, max-video-preview:-1\" \/>\n<link rel=\"canonical\" href=\"https:\/\/www.rconnecta.cat\/es\/quienes-somos-3\/\" \/>\n<meta property=\"og:locale\" content=\"es_ES\" \/>\n<meta property=\"og:type\" content=\"article\" \/>\n<meta property=\"og:title\" content=\"Quienes somos - Rconnecta\" \/>\n<meta property=\"og:description\" content=\"Somos agentes de residuos autorizados por la Agencia Catalana de Residuos con el n.\u00ba de registro A-10163. Desde nuestros inicios, el octubre de 2017, hemos trabajado siempre siguiendo un mismo ...\" \/>\n<meta property=\"og:url\" content=\"https:\/\/www.rconnecta.cat\/es\/quienes-somos-3\/\" \/>\n<meta property=\"og:site_name\" content=\"Rconnecta\" \/>\n<meta property=\"article:publisher\" content=\"https:\/\/www.facebook.com\/Rconnecta-104195100959875\/?ref=br_rs\" \/>\n<meta property=\"article:modified_time\" content=\"2021-06-05T05:39:44+00:00\" \/>\n<meta property=\"og:image\" content=\"https:\/\/www.rconnecta.cat\/wp-content\/uploads\/2019\/08\/economia-social.jpg\" \/>\n<meta name=\"twitter:card\" content=\"summary_large_image\" \/>\n<meta name=\"twitter:label1\" content=\"Tiempo de lectura\" \/>\n\t<meta name=\"twitter:data1\" content=\"1 minuto\" \/>\n<script type=\"application\/ld+json\" class=\"yoast-schema-graph\">{\"@context\":\"https:\\\/\\\/schema.org\",\"@graph\":[{\"@type\":\"WebPage\",\"@id\":\"https:\\\/\\\/www.rconnecta.cat\\\/es\\\/quienes-somos-3\\\/\",\"url\":\"https:\\\/\\\/www.rconnecta.cat\\\/es\\\/quienes-somos-3\\\/\",\"name\":\"Quienes somos - Rconnecta\",\"isPartOf\":{\"@id\":\"https:\\\/\\\/www.rconnecta.cat\\\/es\\\/#website\"},\"primaryImageOfPage\":{\"@id\":\"https:\\\/\\\/www.rconnecta.cat\\\/es\\\/quienes-somos-3\\\/#primaryimage\"},\"image\":{\"@id\":\"https:\\\/\\\/www.rconnecta.cat\\\/es\\\/quienes-somos-3\\\/#primaryimage\"},\"thumbnailUrl\":\"https:\\\/\\\/www.rconnecta.cat\\\/wp-content\\\/uploads\\\/2019\\\/08\\\/economia-social.jpg\",\"datePublished\":\"2021-06-05T05:39:43+00:00\",\"dateModified\":\"2021-06-05T05:39:44+00:00\",\"breadcrumb\":{\"@id\":\"https:\\\/\\\/www.rconnecta.cat\\\/es\\\/quienes-somos-3\\\/#breadcrumb\"},\"inLanguage\":\"es\",\"potentialAction\":[{\"@type\":\"ReadAction\",\"target\":[\"https:\\\/\\\/www.rconnecta.cat\\\/es\\\/quienes-somos-3\\\/\"]}]},{\"@type\":\"ImageObject\",\"inLanguage\":\"es\",\"@id\":\"https:\\\/\\\/www.rconnecta.cat\\\/es\\\/quienes-somos-3\\\/#primaryimage\",\"url\":\"https:\\\/\\\/www.rconnecta.cat\\\/wp-content\\\/uploads\\\/2019\\\/08\\\/economia-social.jpg\",\"contentUrl\":\"https:\\\/\\\/www.rconnecta.cat\\\/wp-content\\\/uploads\\\/2019\\\/08\\\/economia-social.jpg\"},{\"@type\":\"BreadcrumbList\",\"@id\":\"https:\\\/\\\/www.rconnecta.cat\\\/es\\\/quienes-somos-3\\\/#breadcrumb\",\"itemListElement\":[{\"@type\":\"ListItem\",\"position\":1,\"name\":\"Inici\",\"item\":\"https:\\\/\\\/www.rconnecta.cat\\\/es\\\/\"},{\"@type\":\"ListItem\",\"position\":2,\"name\":\"Quienes somos\"}]},{\"@type\":\"WebSite\",\"@id\":\"https:\\\/\\\/www.rconnecta.cat\\\/es\\\/#website\",\"url\":\"https:\\\/\\\/www.rconnecta.cat\\\/es\\\/\",\"name\":\"Rconnecta\",\"description\":\"Residus, reciclatge i reutilitzaci\u00f3\",\"publisher\":{\"@id\":\"https:\\\/\\\/www.rconnecta.cat\\\/es\\\/#organization\"},\"potentialAction\":[{\"@type\":\"SearchAction\",\"target\":{\"@type\":\"EntryPoint\",\"urlTemplate\":\"https:\\\/\\\/www.rconnecta.cat\\\/es\\\/?s={search_term_string}\"},\"query-input\":{\"@type\":\"PropertyValueSpecification\",\"valueRequired\":true,\"valueName\":\"search_term_string\"}}],\"inLanguage\":\"es\"},{\"@type\":\"Organization\",\"@id\":\"https:\\\/\\\/www.rconnecta.cat\\\/es\\\/#organization\",\"name\":\"Rconnecta\",\"url\":\"https:\\\/\\\/www.rconnecta.cat\\\/es\\\/\",\"logo\":{\"@type\":\"ImageObject\",\"inLanguage\":\"es\",\"@id\":\"https:\\\/\\\/www.rconnecta.cat\\\/es\\\/#\\\/schema\\\/logo\\\/image\\\/\",\"url\":\"https:\\\/\\\/www.rconnecta.cat\\\/wp-content\\\/uploads\\\/2019\\\/07\\\/logo-rconnecta-e1562766508646.png\",\"contentUrl\":\"https:\\\/\\\/www.rconnecta.cat\\\/wp-content\\\/uploads\\\/2019\\\/07\\\/logo-rconnecta-e1562766508646.png\",\"width\":351,\"height\":94,\"caption\":\"Rconnecta\"},\"image\":{\"@id\":\"https:\\\/\\\/www.rconnecta.cat\\\/es\\\/#\\\/schema\\\/logo\\\/image\\\/\"},\"sameAs\":[\"https:\\\/\\\/www.facebook.com\\\/Rconnecta-104195100959875\\\/?ref=br_rs\"]}]}<\/script>\n<!-- \/ Yoast SEO plugin. -->","yoast_head_json":{"title":"Quienes somos - Rconnecta","robots":{"index":"index","follow":"follow","max-snippet":"max-snippet:-1","max-image-preview":"max-image-preview:large","max-video-preview":"max-video-preview:-1"},"canonical":"https:\/\/www.rconnecta.cat\/es\/quienes-somos-3\/","og_locale":"es_ES","og_type":"article","og_title":"Quienes somos - Rconnecta","og_description":"Somos agentes de residuos autorizados por la Agencia Catalana de Residuos con el n.\u00ba de registro A-10163. Desde nuestros inicios, el octubre de 2017, hemos trabajado siempre siguiendo un mismo ...","og_url":"https:\/\/www.rconnecta.cat\/es\/quienes-somos-3\/","og_site_name":"Rconnecta","article_publisher":"https:\/\/www.facebook.com\/Rconnecta-104195100959875\/?ref=br_rs","article_modified_time":"2021-06-05T05:39:44+00:00","og_image":[{"url":"https:\/\/www.rconnecta.cat\/wp-content\/uploads\/2019\/08\/economia-social.jpg","type":"","width":"","height":""}],"twitter_card":"summary_large_image","twitter_misc":{"Tiempo de lectura":"1 minuto"},"schema":{"@context":"https:\/\/schema.org","@graph":[{"@type":"WebPage","@id":"https:\/\/www.rconnecta.cat\/es\/quienes-somos-3\/","url":"https:\/\/www.rconnecta.cat\/es\/quienes-somos-3\/","name":"Quienes somos - Rconnecta","isPartOf":{"@id":"https:\/\/www.rconnecta.cat\/es\/#website"},"primaryImageOfPage":{"@id":"https:\/\/www.rconnecta.cat\/es\/quienes-somos-3\/#primaryimage"},"image":{"@id":"https:\/\/www.rconnecta.cat\/es\/quienes-somos-3\/#primaryimage"},"thumbnailUrl":"https:\/\/www.rconnecta.cat\/wp-content\/uploads\/2019\/08\/economia-social.jpg","datePublished":"2021-06-05T05:39:43+00:00","dateModified":"2021-06-05T05:39:44+00:00","breadcrumb":{"@id":"https:\/\/www.rconnecta.cat\/es\/quienes-somos-3\/#breadcrumb"},"inLanguage":"es","potentialAction":[{"@type":"ReadAction","target":["https:\/\/www.rconnecta.cat\/es\/quienes-somos-3\/"]}]},{"@type":"ImageObject","inLanguage":"es","@id":"https:\/\/www.rconnecta.cat\/es\/quienes-somos-3\/#primaryimage","url":"https:\/\/www.rconnecta.cat\/wp-content\/uploads\/2019\/08\/economia-social.jpg","contentUrl":"https:\/\/www.rconnecta.cat\/wp-content\/uploads\/2019\/08\/economia-social.jpg"},{"@type":"BreadcrumbList","@id":"https:\/\/www.rconnecta.cat\/es\/quienes-somos-3\/#breadcrumb","itemListElement":[{"@type":"ListItem","position":1,"name":"Inici","item":"https:\/\/www.rconnecta.cat\/es\/"},{"@type":"ListItem","position":2,"name":"Quienes somos"}]},{"@type":"WebSite","@id":"https:\/\/www.rconnecta.cat\/es\/#website","url":"https:\/\/www.rconnecta.cat\/es\/","name":"Rconnecta","description":"Residus, reciclatge i reutilitzaci\u00f3","publisher":{"@id":"https:\/\/www.rconnecta.cat\/es\/#organization"},"potentialAction":[{"@type":"SearchAction","target":{"@type":"EntryPoint","urlTemplate":"https:\/\/www.rconnecta.cat\/es\/?s={search_term_string}"},"query-input":{"@type":"PropertyValueSpecification","valueRequired":true,"valueName":"search_term_string"}}],"inLanguage":"es"},{"@type":"Organization","@id":"https:\/\/www.rconnecta.cat\/es\/#organization","name":"Rconnecta","url":"https:\/\/www.rconnecta.cat\/es\/","logo":{"@type":"ImageObject","inLanguage":"es","@id":"https:\/\/www.rconnecta.cat\/es\/#\/schema\/logo\/image\/","url":"https:\/\/www.rconnecta.cat\/wp-content\/uploads\/2019\/07\/logo-rconnecta-e1562766508646.png","contentUrl":"https:\/\/www.rconnecta.cat\/wp-content\/uploads\/2019\/07\/logo-rconnecta-e1562766508646.png","width":351,"height":94,"caption":"Rconnecta"},"image":{"@id":"https:\/\/www.rconnecta.cat\/es\/#\/schema\/logo\/image\/"},"sameAs":["https:\/\/www.facebook.com\/Rconnecta-104195100959875\/?ref=br_rs"]}]}},"jetpack_sharing_enabled":true,"_links":{"self":[{"href":"https:\/\/www.rconnecta.cat\/es\/wp-json\/wp\/v2\/pages\/5853","targetHints":{"allow":["GET"]}}],"collection":[{"href":"https:\/\/www.rconnecta.cat\/es\/wp-json\/wp\/v2\/pages"}],"about":[{"href":"https:\/\/www.rconnecta.cat\/es\/wp-json\/wp\/v2\/types\/page"}],"author":[{"embeddable":true,"href":"https:\/\/www.rconnecta.cat\/es\/wp-json\/wp\/v2\/users\/3"}],"replies":[{"embeddable":true,"href":"https:\/\/www.rconnecta.cat\/es\/wp-json\/wp\/v2\/comments?post=5853"}],"version-history":[{"count":1,"href":"https:\/\/www.rconnecta.cat\/es\/wp-json\/wp\/v2\/pages\/5853\/revisions"}],"predecessor-version":[{"id":5854,"href":"https:\/\/www.rconnecta.cat\/es\/wp-json\/wp\/v2\/pages\/5853\/revisions\/5854"}],"wp:attachment":[{"href":"https:\/\/www.rconnecta.cat\/es\/wp-json\/wp\/v2\/media?parent=5853"}],"curies":[{"name":"wp","href":"https:\/\/api.w.org\/{rel}","templated":true}]}}