{"id":5847,"date":"2021-06-02T10:09:49","date_gmt":"2021-06-02T08:09:49","guid":{"rendered":"https:\/\/www.rconnecta.cat\/que-hacemos\/"},"modified":"2021-06-15T07:28:22","modified_gmt":"2021-06-15T05:28:22","slug":"que-hacemos","status":"publish","type":"page","link":"https:\/\/www.rconnecta.cat\/es\/que-hacemos\/","title":{"rendered":"\u00bfQu\u00e8 hacemos?"},"content":{"rendered":"<p><strong>Conseguir la m\u00e1xima reducci\u00f3n\/eliminaci\u00f3n del residuo industrial<\/strong>, ofreciendo <strong>soluciones de gesti\u00f3n y reutilizaci\u00f3n a las empresas para convertir su residuo en recurso<\/strong>. Ayudamos a empresas generadoras de residuos a encontrar soluciones creativas que pueden reutilizarlos. <a href=\"https:\/\/www.rconnecta.cat\/es\/quienes-somos-2\/\">+INFO<\/a><\/p>\n\n<p><\/p>\n","protected":false},"excerpt":{"rendered":"<p>Conseguir la m\u00e1xima reducci\u00f3n\/eliminaci\u00f3n del residuo industrial, ofreciendo soluciones de gesti\u00f3n y reutilizaci\u00f3n a las empresas para convertir su residuo en recurso. Ayudamos a empresas generadoras de residuos a encontrar &#8230;<\/p>\n","protected":false},"author":3,"featured_media":4731,"parent":0,"menu_order":0,"comment_status":"closed","ping_status":"closed","template":"","meta":{"_exactmetrics_skip_tracking":false,"_exactmetrics_sitenote_active":false,"_exactmetrics_sitenote_note":"","_exactmetrics_sitenote_category":0,"footnotes":""},"class_list":["post-5847","page","type-page","status-publish","has-post-thumbnail","hentry"],"yoast_head":"<!-- This site is optimized with the Yoast SEO plugin v27.4 - https:\/\/yoast.com\/product\/yoast-seo-wordpress\/ -->\n<title>\u00bfQu\u00e8 hacemos? - Rconnecta<\/title>\n<meta name=\"robots\" content=\"index, follow, max-snippet:-1, max-image-preview:large, max-video-preview:-1\" \/>\n<link rel=\"canonical\" href=\"https:\/\/www.rconnecta.cat\/es\/que-hacemos\/\" \/>\n<meta property=\"og:locale\" content=\"es_ES\" \/>\n<meta property=\"og:type\" content=\"article\" \/>\n<meta property=\"og:title\" content=\"\u00bfQu\u00e8 hacemos? - Rconnecta\" \/>\n<meta property=\"og:description\" content=\"Conseguir la m\u00e1xima reducci\u00f3n\/eliminaci\u00f3n del residuo industrial, ofreciendo soluciones de gesti\u00f3n y reutilizaci\u00f3n a las empresas para convertir su residuo en recurso. Ayudamos a empresas generadoras de residuos a encontrar ...\" \/>\n<meta property=\"og:url\" content=\"https:\/\/www.rconnecta.cat\/es\/que-hacemos\/\" \/>\n<meta property=\"og:site_name\" content=\"Rconnecta\" \/>\n<meta property=\"article:publisher\" content=\"https:\/\/www.facebook.com\/Rconnecta-104195100959875\/?ref=br_rs\" \/>\n<meta property=\"article:modified_time\" content=\"2021-06-15T05:28:22+00:00\" \/>\n<meta property=\"og:image\" content=\"https:\/\/www.rconnecta.cat\/wp-content\/uploads\/2021\/02\/web-2-qui-som.jpg\" \/>\n\t<meta property=\"og:image:width\" content=\"640\" \/>\n\t<meta property=\"og:image:height\" content=\"350\" \/>\n\t<meta property=\"og:image:type\" content=\"image\/jpeg\" \/>\n<meta name=\"twitter:card\" content=\"summary_large_image\" \/>\n<script type=\"application\/ld+json\" class=\"yoast-schema-graph\">{\"@context\":\"https:\\\/\\\/schema.org\",\"@graph\":[{\"@type\":\"WebPage\",\"@id\":\"https:\\\/\\\/www.rconnecta.cat\\\/es\\\/que-hacemos\\\/\",\"url\":\"https:\\\/\\\/www.rconnecta.cat\\\/es\\\/que-hacemos\\\/\",\"name\":\"\u00bfQu\u00e8 hacemos? - Rconnecta\",\"isPartOf\":{\"@id\":\"https:\\\/\\\/www.rconnecta.cat\\\/es\\\/#website\"},\"primaryImageOfPage\":{\"@id\":\"https:\\\/\\\/www.rconnecta.cat\\\/es\\\/que-hacemos\\\/#primaryimage\"},\"image\":{\"@id\":\"https:\\\/\\\/www.rconnecta.cat\\\/es\\\/que-hacemos\\\/#primaryimage\"},\"thumbnailUrl\":\"https:\\\/\\\/www.rconnecta.cat\\\/wp-content\\\/uploads\\\/2021\\\/02\\\/web-2-qui-som.jpg\",\"datePublished\":\"2021-06-02T08:09:49+00:00\",\"dateModified\":\"2021-06-15T05:28:22+00:00\",\"breadcrumb\":{\"@id\":\"https:\\\/\\\/www.rconnecta.cat\\\/es\\\/que-hacemos\\\/#breadcrumb\"},\"inLanguage\":\"es\",\"potentialAction\":[{\"@type\":\"ReadAction\",\"target\":[\"https:\\\/\\\/www.rconnecta.cat\\\/es\\\/que-hacemos\\\/\"]}]},{\"@type\":\"ImageObject\",\"inLanguage\":\"es\",\"@id\":\"https:\\\/\\\/www.rconnecta.cat\\\/es\\\/que-hacemos\\\/#primaryimage\",\"url\":\"https:\\\/\\\/www.rconnecta.cat\\\/wp-content\\\/uploads\\\/2021\\\/02\\\/web-2-qui-som.jpg\",\"contentUrl\":\"https:\\\/\\\/www.rconnecta.cat\\\/wp-content\\\/uploads\\\/2021\\\/02\\\/web-2-qui-som.jpg\",\"width\":640,\"height\":350},{\"@type\":\"BreadcrumbList\",\"@id\":\"https:\\\/\\\/www.rconnecta.cat\\\/es\\\/que-hacemos\\\/#breadcrumb\",\"itemListElement\":[{\"@type\":\"ListItem\",\"position\":1,\"name\":\"Inici\",\"item\":\"https:\\\/\\\/www.rconnecta.cat\\\/es\\\/\"},{\"@type\":\"ListItem\",\"position\":2,\"name\":\"\u00bfQu\u00e8 hacemos?\"}]},{\"@type\":\"WebSite\",\"@id\":\"https:\\\/\\\/www.rconnecta.cat\\\/es\\\/#website\",\"url\":\"https:\\\/\\\/www.rconnecta.cat\\\/es\\\/\",\"name\":\"Rconnecta\",\"description\":\"Residus, reciclatge i reutilitzaci\u00f3\",\"publisher\":{\"@id\":\"https:\\\/\\\/www.rconnecta.cat\\\/es\\\/#organization\"},\"potentialAction\":[{\"@type\":\"SearchAction\",\"target\":{\"@type\":\"EntryPoint\",\"urlTemplate\":\"https:\\\/\\\/www.rconnecta.cat\\\/es\\\/?s={search_term_string}\"},\"query-input\":{\"@type\":\"PropertyValueSpecification\",\"valueRequired\":true,\"valueName\":\"search_term_string\"}}],\"inLanguage\":\"es\"},{\"@type\":\"Organization\",\"@id\":\"https:\\\/\\\/www.rconnecta.cat\\\/es\\\/#organization\",\"name\":\"Rconnecta\",\"url\":\"https:\\\/\\\/www.rconnecta.cat\\\/es\\\/\",\"logo\":{\"@type\":\"ImageObject\",\"inLanguage\":\"es\",\"@id\":\"https:\\\/\\\/www.rconnecta.cat\\\/es\\\/#\\\/schema\\\/logo\\\/image\\\/\",\"url\":\"https:\\\/\\\/www.rconnecta.cat\\\/wp-content\\\/uploads\\\/2019\\\/07\\\/logo-rconnecta-e1562766508646.png\",\"contentUrl\":\"https:\\\/\\\/www.rconnecta.cat\\\/wp-content\\\/uploads\\\/2019\\\/07\\\/logo-rconnecta-e1562766508646.png\",\"width\":351,\"height\":94,\"caption\":\"Rconnecta\"},\"image\":{\"@id\":\"https:\\\/\\\/www.rconnecta.cat\\\/es\\\/#\\\/schema\\\/logo\\\/image\\\/\"},\"sameAs\":[\"https:\\\/\\\/www.facebook.com\\\/Rconnecta-104195100959875\\\/?ref=br_rs\"]}]}<\/script>\n<!-- \/ Yoast SEO plugin. -->","yoast_head_json":{"title":"\u00bfQu\u00e8 hacemos? - Rconnecta","robots":{"index":"index","follow":"follow","max-snippet":"max-snippet:-1","max-image-preview":"max-image-preview:large","max-video-preview":"max-video-preview:-1"},"canonical":"https:\/\/www.rconnecta.cat\/es\/que-hacemos\/","og_locale":"es_ES","og_type":"article","og_title":"\u00bfQu\u00e8 hacemos? - Rconnecta","og_description":"Conseguir la m\u00e1xima reducci\u00f3n\/eliminaci\u00f3n del residuo industrial, ofreciendo soluciones de gesti\u00f3n y reutilizaci\u00f3n a las empresas para convertir su residuo en recurso. Ayudamos a empresas generadoras de residuos a encontrar ...","og_url":"https:\/\/www.rconnecta.cat\/es\/que-hacemos\/","og_site_name":"Rconnecta","article_publisher":"https:\/\/www.facebook.com\/Rconnecta-104195100959875\/?ref=br_rs","article_modified_time":"2021-06-15T05:28:22+00:00","og_image":[{"width":640,"height":350,"url":"https:\/\/www.rconnecta.cat\/wp-content\/uploads\/2021\/02\/web-2-qui-som.jpg","type":"image\/jpeg"}],"twitter_card":"summary_large_image","schema":{"@context":"https:\/\/schema.org","@graph":[{"@type":"WebPage","@id":"https:\/\/www.rconnecta.cat\/es\/que-hacemos\/","url":"https:\/\/www.rconnecta.cat\/es\/que-hacemos\/","name":"\u00bfQu\u00e8 hacemos? - Rconnecta","isPartOf":{"@id":"https:\/\/www.rconnecta.cat\/es\/#website"},"primaryImageOfPage":{"@id":"https:\/\/www.rconnecta.cat\/es\/que-hacemos\/#primaryimage"},"image":{"@id":"https:\/\/www.rconnecta.cat\/es\/que-hacemos\/#primaryimage"},"thumbnailUrl":"https:\/\/www.rconnecta.cat\/wp-content\/uploads\/2021\/02\/web-2-qui-som.jpg","datePublished":"2021-06-02T08:09:49+00:00","dateModified":"2021-06-15T05:28:22+00:00","breadcrumb":{"@id":"https:\/\/www.rconnecta.cat\/es\/que-hacemos\/#breadcrumb"},"inLanguage":"es","potentialAction":[{"@type":"ReadAction","target":["https:\/\/www.rconnecta.cat\/es\/que-hacemos\/"]}]},{"@type":"ImageObject","inLanguage":"es","@id":"https:\/\/www.rconnecta.cat\/es\/que-hacemos\/#primaryimage","url":"https:\/\/www.rconnecta.cat\/wp-content\/uploads\/2021\/02\/web-2-qui-som.jpg","contentUrl":"https:\/\/www.rconnecta.cat\/wp-content\/uploads\/2021\/02\/web-2-qui-som.jpg","width":640,"height":350},{"@type":"BreadcrumbList","@id":"https:\/\/www.rconnecta.cat\/es\/que-hacemos\/#breadcrumb","itemListElement":[{"@type":"ListItem","position":1,"name":"Inici","item":"https:\/\/www.rconnecta.cat\/es\/"},{"@type":"ListItem","position":2,"name":"\u00bfQu\u00e8 hacemos?"}]},{"@type":"WebSite","@id":"https:\/\/www.rconnecta.cat\/es\/#website","url":"https:\/\/www.rconnecta.cat\/es\/","name":"Rconnecta","description":"Residus, reciclatge i reutilitzaci\u00f3","publisher":{"@id":"https:\/\/www.rconnecta.cat\/es\/#organization"},"potentialAction":[{"@type":"SearchAction","target":{"@type":"EntryPoint","urlTemplate":"https:\/\/www.rconnecta.cat\/es\/?s={search_term_string}"},"query-input":{"@type":"PropertyValueSpecification","valueRequired":true,"valueName":"search_term_string"}}],"inLanguage":"es"},{"@type":"Organization","@id":"https:\/\/www.rconnecta.cat\/es\/#organization","name":"Rconnecta","url":"https:\/\/www.rconnecta.cat\/es\/","logo":{"@type":"ImageObject","inLanguage":"es","@id":"https:\/\/www.rconnecta.cat\/es\/#\/schema\/logo\/image\/","url":"https:\/\/www.rconnecta.cat\/wp-content\/uploads\/2019\/07\/logo-rconnecta-e1562766508646.png","contentUrl":"https:\/\/www.rconnecta.cat\/wp-content\/uploads\/2019\/07\/logo-rconnecta-e1562766508646.png","width":351,"height":94,"caption":"Rconnecta"},"image":{"@id":"https:\/\/www.rconnecta.cat\/es\/#\/schema\/logo\/image\/"},"sameAs":["https:\/\/www.facebook.com\/Rconnecta-104195100959875\/?ref=br_rs"]}]}},"jetpack_sharing_enabled":true,"_links":{"self":[{"href":"https:\/\/www.rconnecta.cat\/es\/wp-json\/wp\/v2\/pages\/5847","targetHints":{"allow":["GET"]}}],"collection":[{"href":"https:\/\/www.rconnecta.cat\/es\/wp-json\/wp\/v2\/pages"}],"about":[{"href":"https:\/\/www.rconnecta.cat\/es\/wp-json\/wp\/v2\/types\/page"}],"author":[{"embeddable":true,"href":"https:\/\/www.rconnecta.cat\/es\/wp-json\/wp\/v2\/users\/3"}],"replies":[{"embeddable":true,"href":"https:\/\/www.rconnecta.cat\/es\/wp-json\/wp\/v2\/comments?post=5847"}],"version-history":[{"count":3,"href":"https:\/\/www.rconnecta.cat\/es\/wp-json\/wp\/v2\/pages\/5847\/revisions"}],"predecessor-version":[{"id":6073,"href":"https:\/\/www.rconnecta.cat\/es\/wp-json\/wp\/v2\/pages\/5847\/revisions\/6073"}],"wp:featuredmedia":[{"embeddable":true,"href":"https:\/\/www.rconnecta.cat\/es\/wp-json\/wp\/v2\/media\/4731"}],"wp:attachment":[{"href":"https:\/\/www.rconnecta.cat\/es\/wp-json\/wp\/v2\/media?parent=5847"}],"curies":[{"name":"wp","href":"https:\/\/api.w.org\/{rel}","templated":true}]}}