{"id":4692,"date":"2021-02-10T08:01:38","date_gmt":"2021-02-10T07:01:38","guid":{"rendered":"https:\/\/www.rconnecta.cat\/quienes-somos\/"},"modified":"2021-06-08T06:54:32","modified_gmt":"2021-06-08T04:54:32","slug":"quienes-somos","status":"publish","type":"page","link":"https:\/\/www.rconnecta.cat\/es\/quienes-somos\/","title":{"rendered":"\u00bfQui\u00e9nes somos?"},"content":{"rendered":"<p>Somos una cooperativa que trabajamos la econom\u00eda circular y colaborativa haciendo especial inciso en el \u00e1mbito de la reutilizaci\u00f3n para darle una oportunidad al residuo y en algunos casos llegar m\u00e1s all\u00e1 transform\u00e1ndolos en productos.<\/p>\n","protected":false},"excerpt":{"rendered":"<p>Nullam ut tempor eros. Donec faucibus, velit et imperdiet aliquam, lacus velit luctus urna, vitae porttitor orci libero id felis.<\/p>\n","protected":false},"author":6,"featured_media":4693,"parent":0,"menu_order":0,"comment_status":"closed","ping_status":"closed","template":"","meta":{"_exactmetrics_skip_tracking":false,"_exactmetrics_sitenote_active":false,"_exactmetrics_sitenote_note":"","_exactmetrics_sitenote_category":0,"footnotes":""},"class_list":["post-4692","page","type-page","status-publish","has-post-thumbnail","hentry"],"yoast_head":"<!-- This site is optimized with the Yoast SEO plugin v27.4 - https:\/\/yoast.com\/product\/yoast-seo-wordpress\/ -->\n<title>\u00bfQui\u00e9nes somos? - Rconnecta<\/title>\n<meta name=\"robots\" content=\"index, follow, max-snippet:-1, max-image-preview:large, max-video-preview:-1\" \/>\n<link rel=\"canonical\" href=\"https:\/\/www.rconnecta.cat\/es\/quienes-somos\/\" \/>\n<meta property=\"og:locale\" content=\"es_ES\" \/>\n<meta property=\"og:type\" content=\"article\" \/>\n<meta property=\"og:title\" content=\"\u00bfQui\u00e9nes somos? - Rconnecta\" \/>\n<meta property=\"og:description\" content=\"Nullam ut tempor eros. Donec faucibus, velit et imperdiet aliquam, lacus velit luctus urna, vitae porttitor orci libero id felis.\" \/>\n<meta property=\"og:url\" content=\"https:\/\/www.rconnecta.cat\/es\/quienes-somos\/\" \/>\n<meta property=\"og:site_name\" content=\"Rconnecta\" \/>\n<meta property=\"article:publisher\" content=\"https:\/\/www.facebook.com\/Rconnecta-104195100959875\/?ref=br_rs\" \/>\n<meta property=\"article:modified_time\" content=\"2021-06-08T04:54:32+00:00\" \/>\n<meta property=\"og:image\" content=\"https:\/\/www.rconnecta.cat\/wp-content\/uploads\/2021\/02\/web-1-qui-som.jpg\" \/>\n\t<meta property=\"og:image:width\" content=\"640\" \/>\n\t<meta property=\"og:image:height\" content=\"350\" \/>\n\t<meta property=\"og:image:type\" content=\"image\/jpeg\" \/>\n<meta name=\"twitter:card\" content=\"summary_large_image\" \/>\n<meta name=\"twitter:label1\" content=\"Tiempo de lectura\" \/>\n\t<meta name=\"twitter:data1\" content=\"1 minuto\" \/>\n<script type=\"application\/ld+json\" class=\"yoast-schema-graph\">{\"@context\":\"https:\\\/\\\/schema.org\",\"@graph\":[{\"@type\":\"WebPage\",\"@id\":\"https:\\\/\\\/www.rconnecta.cat\\\/es\\\/quienes-somos\\\/\",\"url\":\"https:\\\/\\\/www.rconnecta.cat\\\/es\\\/quienes-somos\\\/\",\"name\":\"\u00bfQui\u00e9nes somos? - Rconnecta\",\"isPartOf\":{\"@id\":\"https:\\\/\\\/www.rconnecta.cat\\\/es\\\/#website\"},\"primaryImageOfPage\":{\"@id\":\"https:\\\/\\\/www.rconnecta.cat\\\/es\\\/quienes-somos\\\/#primaryimage\"},\"image\":{\"@id\":\"https:\\\/\\\/www.rconnecta.cat\\\/es\\\/quienes-somos\\\/#primaryimage\"},\"thumbnailUrl\":\"https:\\\/\\\/www.rconnecta.cat\\\/wp-content\\\/uploads\\\/2021\\\/02\\\/web-1-qui-som.jpg\",\"datePublished\":\"2021-02-10T07:01:38+00:00\",\"dateModified\":\"2021-06-08T04:54:32+00:00\",\"breadcrumb\":{\"@id\":\"https:\\\/\\\/www.rconnecta.cat\\\/es\\\/quienes-somos\\\/#breadcrumb\"},\"inLanguage\":\"es\",\"potentialAction\":[{\"@type\":\"ReadAction\",\"target\":[\"https:\\\/\\\/www.rconnecta.cat\\\/es\\\/quienes-somos\\\/\"]}]},{\"@type\":\"ImageObject\",\"inLanguage\":\"es\",\"@id\":\"https:\\\/\\\/www.rconnecta.cat\\\/es\\\/quienes-somos\\\/#primaryimage\",\"url\":\"https:\\\/\\\/www.rconnecta.cat\\\/wp-content\\\/uploads\\\/2021\\\/02\\\/web-1-qui-som.jpg\",\"contentUrl\":\"https:\\\/\\\/www.rconnecta.cat\\\/wp-content\\\/uploads\\\/2021\\\/02\\\/web-1-qui-som.jpg\",\"width\":640,\"height\":350,\"caption\":\"cuidem el medi ambient\"},{\"@type\":\"BreadcrumbList\",\"@id\":\"https:\\\/\\\/www.rconnecta.cat\\\/es\\\/quienes-somos\\\/#breadcrumb\",\"itemListElement\":[{\"@type\":\"ListItem\",\"position\":1,\"name\":\"Inici\",\"item\":\"https:\\\/\\\/www.rconnecta.cat\\\/es\\\/\"},{\"@type\":\"ListItem\",\"position\":2,\"name\":\"\u00bfQui\u00e9nes somos?\"}]},{\"@type\":\"WebSite\",\"@id\":\"https:\\\/\\\/www.rconnecta.cat\\\/es\\\/#website\",\"url\":\"https:\\\/\\\/www.rconnecta.cat\\\/es\\\/\",\"name\":\"Rconnecta\",\"description\":\"Residus, reciclatge i reutilitzaci\u00f3\",\"publisher\":{\"@id\":\"https:\\\/\\\/www.rconnecta.cat\\\/es\\\/#organization\"},\"potentialAction\":[{\"@type\":\"SearchAction\",\"target\":{\"@type\":\"EntryPoint\",\"urlTemplate\":\"https:\\\/\\\/www.rconnecta.cat\\\/es\\\/?s={search_term_string}\"},\"query-input\":{\"@type\":\"PropertyValueSpecification\",\"valueRequired\":true,\"valueName\":\"search_term_string\"}}],\"inLanguage\":\"es\"},{\"@type\":\"Organization\",\"@id\":\"https:\\\/\\\/www.rconnecta.cat\\\/es\\\/#organization\",\"name\":\"Rconnecta\",\"url\":\"https:\\\/\\\/www.rconnecta.cat\\\/es\\\/\",\"logo\":{\"@type\":\"ImageObject\",\"inLanguage\":\"es\",\"@id\":\"https:\\\/\\\/www.rconnecta.cat\\\/es\\\/#\\\/schema\\\/logo\\\/image\\\/\",\"url\":\"https:\\\/\\\/www.rconnecta.cat\\\/wp-content\\\/uploads\\\/2019\\\/07\\\/logo-rconnecta-e1562766508646.png\",\"contentUrl\":\"https:\\\/\\\/www.rconnecta.cat\\\/wp-content\\\/uploads\\\/2019\\\/07\\\/logo-rconnecta-e1562766508646.png\",\"width\":351,\"height\":94,\"caption\":\"Rconnecta\"},\"image\":{\"@id\":\"https:\\\/\\\/www.rconnecta.cat\\\/es\\\/#\\\/schema\\\/logo\\\/image\\\/\"},\"sameAs\":[\"https:\\\/\\\/www.facebook.com\\\/Rconnecta-104195100959875\\\/?ref=br_rs\"]}]}<\/script>\n<!-- \/ Yoast SEO plugin. -->","yoast_head_json":{"title":"\u00bfQui\u00e9nes somos? - Rconnecta","robots":{"index":"index","follow":"follow","max-snippet":"max-snippet:-1","max-image-preview":"max-image-preview:large","max-video-preview":"max-video-preview:-1"},"canonical":"https:\/\/www.rconnecta.cat\/es\/quienes-somos\/","og_locale":"es_ES","og_type":"article","og_title":"\u00bfQui\u00e9nes somos? - Rconnecta","og_description":"Nullam ut tempor eros. Donec faucibus, velit et imperdiet aliquam, lacus velit luctus urna, vitae porttitor orci libero id felis.","og_url":"https:\/\/www.rconnecta.cat\/es\/quienes-somos\/","og_site_name":"Rconnecta","article_publisher":"https:\/\/www.facebook.com\/Rconnecta-104195100959875\/?ref=br_rs","article_modified_time":"2021-06-08T04:54:32+00:00","og_image":[{"width":640,"height":350,"url":"https:\/\/www.rconnecta.cat\/wp-content\/uploads\/2021\/02\/web-1-qui-som.jpg","type":"image\/jpeg"}],"twitter_card":"summary_large_image","twitter_misc":{"Tiempo de lectura":"1 minuto"},"schema":{"@context":"https:\/\/schema.org","@graph":[{"@type":"WebPage","@id":"https:\/\/www.rconnecta.cat\/es\/quienes-somos\/","url":"https:\/\/www.rconnecta.cat\/es\/quienes-somos\/","name":"\u00bfQui\u00e9nes somos? - Rconnecta","isPartOf":{"@id":"https:\/\/www.rconnecta.cat\/es\/#website"},"primaryImageOfPage":{"@id":"https:\/\/www.rconnecta.cat\/es\/quienes-somos\/#primaryimage"},"image":{"@id":"https:\/\/www.rconnecta.cat\/es\/quienes-somos\/#primaryimage"},"thumbnailUrl":"https:\/\/www.rconnecta.cat\/wp-content\/uploads\/2021\/02\/web-1-qui-som.jpg","datePublished":"2021-02-10T07:01:38+00:00","dateModified":"2021-06-08T04:54:32+00:00","breadcrumb":{"@id":"https:\/\/www.rconnecta.cat\/es\/quienes-somos\/#breadcrumb"},"inLanguage":"es","potentialAction":[{"@type":"ReadAction","target":["https:\/\/www.rconnecta.cat\/es\/quienes-somos\/"]}]},{"@type":"ImageObject","inLanguage":"es","@id":"https:\/\/www.rconnecta.cat\/es\/quienes-somos\/#primaryimage","url":"https:\/\/www.rconnecta.cat\/wp-content\/uploads\/2021\/02\/web-1-qui-som.jpg","contentUrl":"https:\/\/www.rconnecta.cat\/wp-content\/uploads\/2021\/02\/web-1-qui-som.jpg","width":640,"height":350,"caption":"cuidem el medi ambient"},{"@type":"BreadcrumbList","@id":"https:\/\/www.rconnecta.cat\/es\/quienes-somos\/#breadcrumb","itemListElement":[{"@type":"ListItem","position":1,"name":"Inici","item":"https:\/\/www.rconnecta.cat\/es\/"},{"@type":"ListItem","position":2,"name":"\u00bfQui\u00e9nes somos?"}]},{"@type":"WebSite","@id":"https:\/\/www.rconnecta.cat\/es\/#website","url":"https:\/\/www.rconnecta.cat\/es\/","name":"Rconnecta","description":"Residus, reciclatge i reutilitzaci\u00f3","publisher":{"@id":"https:\/\/www.rconnecta.cat\/es\/#organization"},"potentialAction":[{"@type":"SearchAction","target":{"@type":"EntryPoint","urlTemplate":"https:\/\/www.rconnecta.cat\/es\/?s={search_term_string}"},"query-input":{"@type":"PropertyValueSpecification","valueRequired":true,"valueName":"search_term_string"}}],"inLanguage":"es"},{"@type":"Organization","@id":"https:\/\/www.rconnecta.cat\/es\/#organization","name":"Rconnecta","url":"https:\/\/www.rconnecta.cat\/es\/","logo":{"@type":"ImageObject","inLanguage":"es","@id":"https:\/\/www.rconnecta.cat\/es\/#\/schema\/logo\/image\/","url":"https:\/\/www.rconnecta.cat\/wp-content\/uploads\/2019\/07\/logo-rconnecta-e1562766508646.png","contentUrl":"https:\/\/www.rconnecta.cat\/wp-content\/uploads\/2019\/07\/logo-rconnecta-e1562766508646.png","width":351,"height":94,"caption":"Rconnecta"},"image":{"@id":"https:\/\/www.rconnecta.cat\/es\/#\/schema\/logo\/image\/"},"sameAs":["https:\/\/www.facebook.com\/Rconnecta-104195100959875\/?ref=br_rs"]}]}},"jetpack_sharing_enabled":true,"_links":{"self":[{"href":"https:\/\/www.rconnecta.cat\/es\/wp-json\/wp\/v2\/pages\/4692","targetHints":{"allow":["GET"]}}],"collection":[{"href":"https:\/\/www.rconnecta.cat\/es\/wp-json\/wp\/v2\/pages"}],"about":[{"href":"https:\/\/www.rconnecta.cat\/es\/wp-json\/wp\/v2\/types\/page"}],"author":[{"embeddable":true,"href":"https:\/\/www.rconnecta.cat\/es\/wp-json\/wp\/v2\/users\/6"}],"replies":[{"embeddable":true,"href":"https:\/\/www.rconnecta.cat\/es\/wp-json\/wp\/v2\/comments?post=4692"}],"version-history":[{"count":1,"href":"https:\/\/www.rconnecta.cat\/es\/wp-json\/wp\/v2\/pages\/4692\/revisions"}],"predecessor-version":[{"id":4718,"href":"https:\/\/www.rconnecta.cat\/es\/wp-json\/wp\/v2\/pages\/4692\/revisions\/4718"}],"wp:featuredmedia":[{"embeddable":true,"href":"https:\/\/www.rconnecta.cat\/es\/wp-json\/wp\/v2\/media\/4693"}],"wp:attachment":[{"href":"https:\/\/www.rconnecta.cat\/es\/wp-json\/wp\/v2\/media?parent=4692"}],"curies":[{"name":"wp","href":"https:\/\/api.w.org\/{rel}","templated":true}]}}