{"id":4690,"date":"2021-02-10T07:50:12","date_gmt":"2021-02-10T06:50:12","guid":{"rendered":"https:\/\/www.rconnecta.cat\/aviso-legal-cookies\/"},"modified":"2021-02-10T07:50:13","modified_gmt":"2021-02-10T06:50:13","slug":"aviso-legal-cookies","status":"publish","type":"page","link":"https:\/\/www.rconnecta.cat\/es\/aviso-legal-cookies\/","title":{"rendered":"Aviso Legal Cookies"},"content":{"rendered":"\n<p>Aviso Llegal<\/p>\n\n<p>De acuerdo con la exigencia del art\u00edculo 10 de la Ley 34\/2002, de 11 de julio, de Servicios de la Sociedad de la Informaci\u00f3n y de Comercio Electr\u00f3nico (LSSI-CE) (<em>LSSI-CE),\u00a0<\/em>RCONNECTA\u00a0informa de los siguientesdatos:<\/p>\n\n<p>Titular de la web<br\/>Raz\u00f3n Social: TM *Gesti\u00f3 *SCCL<br\/>CIF: F67088807<br\/>Denominaci\u00f3n comercial: *RCONNECTA<br\/>Domicilio fiscal: C\/ Quito, 19 08030-BARCELONA Barcelona.<br\/>Contacte: connecta@rconnecta.cat<\/p>\n\n<p>La presente informaci\u00f3n regula las condiciones de uso, las limitaciones de responsabilidad y las obligaciones que los usuarios de la p\u00e1gina Web que se publica bajo el nombre del dominio www.rconnecta.cat las cuales los usuarios asumen y se comprometen a respetar.<\/p>\n\n<p>Cookies<\/p>\n\n<p>WWW.RCONNECTA.CAT utiliza cookies para facilitar la navegaci\u00f3n por este portal y para obtener una mayor eficacia y personalizaci\u00f3n de los servicios ofrecidos a los usuarios. Las cookies empleadas en WWW.RCONNECTA.CAT se asocian \u00fanicamente con un usuario an\u00f3nimo y su ordenador, no proporcionan referencias que permitan deducir el nombre y apellidos del usuario y no pueden leer datos de su disco llevar ni incluir virus en sus equipos. As\u00ed mismo, WWW.RCONNECTA.CAT no puede leer las cookies implantadas en el disco llevar del usuario desde otros servidores.<\/p>\n\n<p>El usuario puede libremente decidir sobre la implantaci\u00f3n o no en su disco llevar de las cookies empleadas en WWW.RCONNECTA.CAT. En este sentido, el usuario puede configurar su navegador para aceptar o rechazar por defecto todas las cookies o para recibir un aviso en pantalla de la recepci\u00f3n de cada cookie y decidir en este momento su implantaci\u00f3n o no en su disco llevar. Para lo cual le sugerimos consultar la secci\u00f3n de ayuda de su navegador para saber como cambiar la configuraci\u00f3n que actualmente emplea. A pesar de que el usuario configurara su navegador para rechazar todas las cookies o rechazara expresamente las cookies de WWW.RCONNECTA.CAT podr\u00e1 navegar por el portal con el \u00fanico inconveniente de no poder disfrutar de las funcionalidades del portal que requieran la instalaci\u00f3n de alguna de ellas. En cualquier caso, el usuario podr\u00e1 eliminar las cookies de WWW.RCONNECTA.CAT implantadas en su disco llevar en cualquier momento, siguiendo el procedimiento establecido en la secci\u00f3n de ayuda de su navegador o entrando en el enlace Pol\u00edtica de Cookies de este sitio web.<\/p>\n\n<p>Pol\u00edtica de Privacidad<br\/>\u00a0<br\/>TM <em> GESTI\u00d3 garantiza la privacidad de los datos de car\u00e1cter personal aportados, seg\u00fan el Reglamento General de Protecci\u00f3n de Datos (RGPD) (<\/em>RGPD). La visita en esta p\u00e1gina web no supone que el usuario est\u00e9 obligado a facilitar ninguna informaci\u00f3n sobre si mismo, sin embargo, durante la visita es posible que se soliciten datos de car\u00e1cter personal a trav\u00e9s de formularios. Estos datos ser\u00e1n incorporatdes a un fichero responsabilidad de TM GESTI\u00d3 y ser\u00e1n utilizadas con el fin de contestar la solicitud realizada por su parte y para enviarlos informaci\u00f3n de nuestra empresa y servicios por cualquier medio de comunicaci\u00f3n. Al enviarnos este formulario, usted est\u00e1 aceptando expl\u00edcitamente la recepci\u00f3n de estos. Estos datos se cancelar\u00e1n a su ruego o una vez satisfecha la finalidad para la cual fueron recaudados.&#13;\nComo ejercitar los derechos: Los usuarios pueden dirigir una comunicaci\u00f3n por escrito a TM GESTI\u00d3 con domicilio a \/ Quito, 19 08030-BARCELONA, o a la direcci\u00f3n de correo electr\u00f3nico info@rconnecta.cat incluyendo en ambos casos una fotocopia de su DNI u otro documento identificativo similar, para ejercitar sus derechos, que son los siguientes:&#13;\n<\/p>\n\n<p>\u25cf Derecho a solicitar el acceso a los datos personales: usted podr\u00e1 preguntar a TM GESTI\u00d3 si esta empresa est\u00e1 tratando sus datos.<\/p>\n\n<p>\u25cfDerecho a solicitar su rectificaci\u00f3n (en caso de que sean incorrectas) o supresi\u00f3n.<\/p>\n\n<p>\u25cf Derecho a solicitar la limitaci\u00f3n de su tratamiento, en este caso \u00fanicamente ser\u00e1n conservados por TM GESTI\u00d3 para el ejercicio o la defensa de reclamaciones.&#13;\n.<\/p>\n\n<p>\u25cfDerecho a oponerse al tratamiento: TM GESTI\u00d3 dejar\u00e1 de tratar los datos en la forma que usted indique, salvo que por motivos leg\u00edtimos imperiosos o el ejercicio o la defensa de posibles reclamaciones se tengan que continuar tratando..<\/p>\n\n<p>\u25cf DDerecho a la portabilidad de los datos: en caso de que quiera que sus datos sean tratados por otra firma, TM GESTI\u00d3 le facilitar\u00e1 la portabilidad de sus datos al nuevo responsable.<\/p>\n\n<p>Posibilidad de retirar el consentimiento: en el supuesto de que se haya otorgado el consentimiento para alguna finalidad espec\u00edfica, usted tiene derecho a retirar el consentimiento en cualquier momento, sin que esto afecte la licitud del tratamiento basado en el consentimiento previo a su retirada..<\/p>\n\n<p>Como reclamar ante la Autoridad de Control: Si un usuario considera que hay un problema con la forma en que TM GESTI\u00d3 est\u00e1 usando sus datos, puede dirigir sus reclamaciones a la autoridad de protecci\u00f3n de datos que corresponda, siente la Agencia Espa\u00f1ola de Protecci\u00f3n de Datos la indicada en el caso de Espa\u00f1a La negativa a proporcionar los datos supondr\u00e1 la no prestaci\u00f3n o la imposibilidad de acceder al servicio para los cuales eran solicitados. Usted tiene derecho a recibir respuesta de cualquier pregunta, consulta o aclaraci\u00f3n que le surja derivada de este formulario. Las partes se someten, a su elecci\u00f3n, para la resoluci\u00f3n de los conflictos y con renuncia a cualquier otro fuero, a los juzgados y tribunales del domicilio del propietario del sitio web.&#13;\n<\/p>\n\n<p> Pol\u00edtica de enlaces<\/p>\n\n<p>En caso de que se introduzca por un usuario de Internet un enlace desde su propio Sitio web al Sitio web de\u00a0RCONNECTA, el enlace \u00fanicamente vincular\u00e1 con la p\u00e1gina principal de este \u00faltimo, pero no podr\u00e1 reproducirla de ninguna forma, y, en caso de que se visualicen los contenidos del Sitio web con contenidos ajenos a este, estos contenidos ajenos no podr\u00e1n inducir a error, confusi\u00f3n o enga\u00f1o en los Usuarios sobre la procedencia de sus contenidos, ni suponer un acto de comparaci\u00f3n o imitaci\u00f3n desleal o un aprovechamiento de la reputaci\u00f3n de\u00a0RCONNECTA.&#13;\nNo se realizar\u00e1 desde la p\u00e1gina que introduce el enlace ning\u00fan tipo de manifestaci\u00f3n falsa o inexacta sobre\u00a0RCONNECTA, Empresas Asociadas, colaboradores o empleados, ni se indicar\u00e1 en esta p\u00e1gina que tienen el consentimiento de\u00a0RCONNECTA\u00a0para la inserci\u00f3n del enlace, o que\u00a0RCONNECTA\u00a0tiene alguna relaci\u00f3n o colaboraci\u00f3n con esta p\u00e1gina.&#13;\nExcepto en los casos permitidos por la ley o expresamente autorizados por\u00a0RCONNECTA, siempre que se permita un enlace directo con su Sitio web, queda prohibida la utilizaci\u00f3n de cualquier marca o cualquier otro signo distintivo de\u00a0RCONNECTA\u00a0dentro de la p\u00e1gina donde se encuentre el enlace, salvo que se autorice expresamente.&#13;\nLa p\u00e1gina que establezca el enlace tendr\u00e1 que cumplir con la ley y no disponer o enlazar con contenidos il\u00edcitos o contrarios a la moral y a las buenas costumbres.&#13;\nPor su parte, el propio Sitio web incluye dispositivos t\u00e9cnicos de enlace que permiten al Usuario acceder en otras p\u00e1ginas y portales de Internet, actuando\u00a0RCONNECTA\u00a0como prestamista de servicios de intermediaci\u00f3n en conformidad con el art\u00edculo 17 de la Ley 34\/2002, de 11 de julio, de Servicios de la Sociedad de la Informaci\u00f3n y de Comercio Electr\u00f3nico, por lo cual solo ser\u00e1 responsable de los contenidos y servicios suministrados en los lugares enlazados en caso de que habiendo tenido conocimiento efectivo, en la forma prevista por la Ley de Servicios de la Sociedad de la Informaci\u00f3n, de la ilicitud no haya desactivado el enlace.&#13;\nLa existencia de lugares enlazados no supone que existan acuerdos con los responsables o titulares de estos, y\u00a0RCONNECTA\u00a0no se hace responsable por los da\u00f1os producidos por la ilicitud, calidad,\u00a0desactualizaci\u00f3n, indisponibilidad, error e inutilidad de los contenidos de estos lugares, puesto que los desconoce. En cualquier caso, si el Usuario tuviera conocimiento que los lugares enlazados remiten a p\u00e1ginas los contenidos de las cuales o servicios son il\u00edcitos o contrarios a la moral tendr\u00e1 que posarlo en conocimiento de\u00a0RCONNECTA.&#13;\nA tal efecto se habilita la direcci\u00f3n de correo electr\u00f3nico info@rconnecta.cat, de esta forma, los usuarios tendr\u00e1n que comunicar: nombre, direcci\u00f3n, n\u00famero de tel\u00e9fono y direcci\u00f3n de correo electr\u00f3nico, especificaci\u00f3n de la supuesta actividad il\u00edcita llevada a cabo en el Portal y hechos o circunstancias que revelan el car\u00e1cter il\u00edcito de esta actividad.&#13;\n<\/p>\n\n<p>Condiciones de Uso<\/p>\n\n<p>La utilizaci\u00f3n de la p\u00e1gina otorga la utilizaci\u00f3n de usuario e implica la aceptaci\u00f3n de las condiciones del aviso legal, pol\u00edtica de privacidad y condiciones de uso, si el usuario no estuviera conforme, se abstendr\u00e1 de utilizar la p\u00e1gina. El usuario est\u00e1 obligado y se compromete a utilizar la p\u00e1gina y los contenidos en conformidad con la legislaci\u00f3n vigente, el Aviso Legal, y cualquier otro aviso contenido en esta p\u00e1gina, as\u00ed como con las normas de convivencia, la moral y buenas costumbres generalmente aceptadas. El Usuario se obliga y se compromete a no transmitir, difundir o posar a disposici\u00f3n de terceros cualquier contenido de la P\u00e1gina, tales como informaciones, textos, datos, contenidos, mensajes, gr\u00e1ficos, dibujos, archivos de sonido y\/o imagen, fotograf\u00edas, grabaciones, software, logotipos, marcas, iconos, tecnolog\u00eda, fotograf\u00edas, software, enlaces, dise\u00f1o gr\u00e1fico y c\u00f3digos fuente, o cualquier otro material al cual tuviera acceso en su condici\u00f3n de Usuario de la P\u00e1gina, sin que esta enumeraci\u00f3n tenga car\u00e1cter limitativo.<\/p>\n\n<p>Propiedad intelectual e industrial<\/p>\n\n<p>Todas las marcas, nombres comerciales o signos distintivos de cualquier clase que aparecen en la p\u00e1gina son propiedad de TM GESTI\u00d3 SCCL o, si procede, de terceros que han autorizado su uso, sin que pueda entenderse que el uso o acceso al portal y\/o a los contenidos atribuya al usuario derecho alg\u00fan sobre las citadas marcas, nombres comerciales y\/o signos distintivos, y sin que puedan entenderse cedidos al usuario, ninguno de los derechos de explotaci\u00f3n que existen o puedan existir sobre estos contenidos. Y no entiende cedidos ni se autoriza su utilizaci\u00f3n, en ning\u00fan caso, a los usuarios de la p\u00e1gina salvo que se obtengan estos derechos por escrito del leg\u00edtimo titular de estos.<\/p>\n\n<p> Redes Sociales Oficiales<\/p>\n\n<p>Todas las marcas, nombres comerciales o signos distintivos de cualquier clase que aparecen en la p\u00e1gina son propiedad de TM GESTI\u00d3 SCCL o, si procede, de terceros que han autorizado su uso, sin que pueda entenderse que el uso o acceso al portal y\/o a los contenidos atribuya al usuario derecho alg\u00fan sobre las citadas marcas, nombres comerciales y\/o signos distintivos, y sin que puedan entenderse cedidos al usuario, ninguno de los derechos de explotaci\u00f3n que existen o puedan existir sobre estos contenidos. Y no entiende cedidos ni se autoriza su utilizaci\u00f3n, en ning\u00fan caso, a los usuarios de la p\u00e1gina salvo que se obtengan estos derechos por escrito del leg\u00edtimo titular de estos.<\/p>\n\n<p>Exenci\u00f3n de responsabilidades<\/p>\n\n<p>TM GESTI\u00d3 SCCL incluye en su Sitio web una serie de contenidos sobre sus actividades, productos, estructura, gesti\u00f3n y equipos propios de una Web corporativa. TM GESTI\u00d3 SCCL excluye cualquier responsabilidad por los da\u00f1os y perjuicios de toda naturaleza que pudieran derivarse del acceso a los contenidos, informaciones, publicidad, opciones, conceptos e im\u00e1genes facilitados a los usuarios. En cualquier caso, TM GESTI\u00d3 SCCL no se hace responsable de:&#13;\n<\/p>\n\n<p>Los da\u00f1os o perjuicios que causara cualquier persona, bien a s\u00ed misma o a terceras, que infringiera las condiciones, normas e instrucciones que TM GESTI\u00d3 SCCL establece en este Sitio web.&#13;\nLos da\u00f1os ocasionados por la vulneraci\u00f3n de los sistemas de seguridad del Sitio web titularidad de TM GESTI\u00d3 SCCL.&#13;\nEl mal funcionamiento de software o \u201cplugins\u201d(descarga que pudiera realizarse desde el link establecido con este fin), que pudiera ser necesario para la visualizaci\u00f3n o escucha de determinados contenidos albergados en el presente Sitio web.&#13;\nCualquier acci\u00f3n o actuaci\u00f3n que pudiera realizar en relaci\u00f3n con la vulneraci\u00f3n de derechos de terceros, especialmente, en relaci\u00f3n con la imagen, propiedad intelectual o industrial.&#13;\nDe la edici\u00f3n, revisi\u00f3n, censura y verificaci\u00f3n de los contenidos de las p\u00e1ginas o Lugares de Internet con los cuales el usuario se conecte a trav\u00e9s del motor de busca o de hiperv\u00ednculos incluidos en el Sitio web de TM GESTI\u00d3 SCCL.<\/p>\n\n<p> Exenci\u00f3n de responsabilidad por el funcionamiento de la P\u00e1gina Web.<\/p>\n\n<p>TM GESTI\u00d3 SCCL presta sus servicios y contenidos de forma continuada empleando todos los medios t\u00e9cnicos a su alcance para realizar esta prestaci\u00f3n de forma satisfactoria.<\/p>\n\n<p>TM GESTI\u00d3 SCCL podr\u00e1, cuando lo considere conveniente, realizar correcciones, mejoras o modificaciones en la informaci\u00f3n contenida en su Sitio web, sin que esto de lugar, ni derecho a ninguna reclamaci\u00f3n o indemnizaci\u00f3n, ni implique reconocimiento de ninguna responsabilidad.<\/p>\n\n<p>TM GESTI\u00d3 SCCL no se hace responsable por los da\u00f1os y perjuicios de toda naturaleza que pudieran derivarse de la disponibilidad y continuidad t\u00e9cnica del funcionamiento de su Sitio web. En cualquier caso, TM GESTI\u00d3 SCCL, llevar\u00e1 a cabo todas las actuaciones necesarias para restablecer sus servicios en caso de fallo t\u00e9cnico.<\/p>\n\n<p>Exenci\u00f3n de responsabilidades<\/p>\n\n<p>TM GESTI\u00d3 SCCL se reserva la facultad de presentar las acciones civiles o penaltis que considere oportunas por la utilizaci\u00f3n indebida de su sitio web y contenidos, o por el incumplimiento de las presentes condiciones.&#13;\nEn caso de existir discrepancia entre lo establecido en el presente Aviso Legal y las Condiciones Particulares de cada servicio espec\u00edfico, prevalecer\u00e1 lo dispuesto en estas \u00faltimas.&#13;\nEn el supuesto de que cualquier disposici\u00f3n o disposiciones contenidas en el presente Aviso Legal fueran consideradas nulas o inaplicables, \u00edntegramente o en parte, por cualquier Juzgado, Tribunal o \u00f3rgano administrativo competente, esta nulidad o inaplicaci\u00f3n no afectar\u00e1 el resto de disposiciones del presente Aviso Legal ni a las Condiciones Particulares de los diferentes servicios del presente Sitio web.&#13;\nEl no ejercicio o ejecuci\u00f3n, por parte de TM GESTI\u00d3 SCCL de cualquier derecho o disposici\u00f3n contenido en estas Condiciones Generales no constituir\u00e1 una renuncia a este, excepto reconocimiento y acuerdo escrito por su parte.&#13;\nLa relaci\u00f3n entre el usuario y el prestamista se regir\u00e1 por la normativa vigente y de aplicaci\u00f3n en el territorio espa\u00f1ol. De surgir cualquier controversia las partes podr\u00e1n someter sus conflictos a arbitraje o acudir a la jurisdicci\u00f3n ordinaria cumpliendo con las normas sobre jurisdicci\u00f3n y competencia sobre este tema. TM GESTI\u00d3N SCCL tiene su domicilio en Barcelona Espa\u00f1a.<\/p>\n","protected":false},"excerpt":{"rendered":"<p>Aviso Llegal De acuerdo con la exigencia del art\u00edculo 10 de la Ley 34\/2002, de 11 de julio, de Servicios de la Sociedad de la Informaci\u00f3n y de Comercio Electr\u00f3nico &#8230;<\/p>\n","protected":false},"author":7,"featured_media":0,"parent":0,"menu_order":0,"comment_status":"closed","ping_status":"closed","template":"","meta":{"_exactmetrics_skip_tracking":false,"_exactmetrics_sitenote_active":false,"_exactmetrics_sitenote_note":"","_exactmetrics_sitenote_category":0,"footnotes":""},"class_list":["post-4690","page","type-page","status-publish","hentry"],"yoast_head":"<!-- This site is optimized with the Yoast SEO plugin v27.5 - https:\/\/yoast.com\/product\/yoast-seo-wordpress\/ -->\n<title>Aviso Legal Cookies - Rconnecta<\/title>\n<meta name=\"robots\" content=\"index, follow, max-snippet:-1, max-image-preview:large, max-video-preview:-1\" \/>\n<link rel=\"canonical\" href=\"https:\/\/www.rconnecta.cat\/es\/aviso-legal-cookies\/\" \/>\n<meta property=\"og:locale\" content=\"es_ES\" \/>\n<meta property=\"og:type\" content=\"article\" \/>\n<meta property=\"og:title\" content=\"Aviso Legal Cookies - Rconnecta\" \/>\n<meta property=\"og:description\" content=\"Aviso Llegal De acuerdo con la exigencia del art\u00edculo 10 de la Ley 34\/2002, de 11 de julio, de Servicios de la Sociedad de la Informaci\u00f3n y de Comercio Electr\u00f3nico ...\" \/>\n<meta property=\"og:url\" content=\"https:\/\/www.rconnecta.cat\/es\/aviso-legal-cookies\/\" \/>\n<meta property=\"og:site_name\" content=\"Rconnecta\" \/>\n<meta property=\"article:publisher\" content=\"https:\/\/www.facebook.com\/Rconnecta-104195100959875\/?ref=br_rs\" \/>\n<meta property=\"article:modified_time\" content=\"2021-02-10T06:50:13+00:00\" \/>\n<meta name=\"twitter:card\" content=\"summary_large_image\" \/>\n<meta name=\"twitter:label1\" content=\"Tiempo de lectura\" \/>\n\t<meta name=\"twitter:data1\" content=\"12 minutos\" \/>\n<script type=\"application\/ld+json\" class=\"yoast-schema-graph\">{\"@context\":\"https:\\\/\\\/schema.org\",\"@graph\":[{\"@type\":\"WebPage\",\"@id\":\"https:\\\/\\\/www.rconnecta.cat\\\/es\\\/aviso-legal-cookies\\\/\",\"url\":\"https:\\\/\\\/www.rconnecta.cat\\\/es\\\/aviso-legal-cookies\\\/\",\"name\":\"Aviso Legal Cookies - Rconnecta\",\"isPartOf\":{\"@id\":\"https:\\\/\\\/www.rconnecta.cat\\\/es\\\/#website\"},\"datePublished\":\"2021-02-10T06:50:12+00:00\",\"dateModified\":\"2021-02-10T06:50:13+00:00\",\"breadcrumb\":{\"@id\":\"https:\\\/\\\/www.rconnecta.cat\\\/es\\\/aviso-legal-cookies\\\/#breadcrumb\"},\"inLanguage\":\"es\",\"potentialAction\":[{\"@type\":\"ReadAction\",\"target\":[\"https:\\\/\\\/www.rconnecta.cat\\\/es\\\/aviso-legal-cookies\\\/\"]}]},{\"@type\":\"BreadcrumbList\",\"@id\":\"https:\\\/\\\/www.rconnecta.cat\\\/es\\\/aviso-legal-cookies\\\/#breadcrumb\",\"itemListElement\":[{\"@type\":\"ListItem\",\"position\":1,\"name\":\"Inici\",\"item\":\"https:\\\/\\\/www.rconnecta.cat\\\/es\\\/\"},{\"@type\":\"ListItem\",\"position\":2,\"name\":\"Aviso Legal Cookies\"}]},{\"@type\":\"WebSite\",\"@id\":\"https:\\\/\\\/www.rconnecta.cat\\\/es\\\/#website\",\"url\":\"https:\\\/\\\/www.rconnecta.cat\\\/es\\\/\",\"name\":\"Rconnecta\",\"description\":\"Residus, reciclatge i reutilitzaci\u00f3\",\"publisher\":{\"@id\":\"https:\\\/\\\/www.rconnecta.cat\\\/es\\\/#organization\"},\"potentialAction\":[{\"@type\":\"SearchAction\",\"target\":{\"@type\":\"EntryPoint\",\"urlTemplate\":\"https:\\\/\\\/www.rconnecta.cat\\\/es\\\/?s={search_term_string}\"},\"query-input\":{\"@type\":\"PropertyValueSpecification\",\"valueRequired\":true,\"valueName\":\"search_term_string\"}}],\"inLanguage\":\"es\"},{\"@type\":\"Organization\",\"@id\":\"https:\\\/\\\/www.rconnecta.cat\\\/es\\\/#organization\",\"name\":\"Rconnecta\",\"url\":\"https:\\\/\\\/www.rconnecta.cat\\\/es\\\/\",\"logo\":{\"@type\":\"ImageObject\",\"inLanguage\":\"es\",\"@id\":\"https:\\\/\\\/www.rconnecta.cat\\\/es\\\/#\\\/schema\\\/logo\\\/image\\\/\",\"url\":\"https:\\\/\\\/www.rconnecta.cat\\\/wp-content\\\/uploads\\\/2019\\\/07\\\/logo-rconnecta-e1562766508646.png\",\"contentUrl\":\"https:\\\/\\\/www.rconnecta.cat\\\/wp-content\\\/uploads\\\/2019\\\/07\\\/logo-rconnecta-e1562766508646.png\",\"width\":351,\"height\":94,\"caption\":\"Rconnecta\"},\"image\":{\"@id\":\"https:\\\/\\\/www.rconnecta.cat\\\/es\\\/#\\\/schema\\\/logo\\\/image\\\/\"},\"sameAs\":[\"https:\\\/\\\/www.facebook.com\\\/Rconnecta-104195100959875\\\/?ref=br_rs\"]}]}<\/script>\n<!-- \/ Yoast SEO plugin. -->","yoast_head_json":{"title":"Aviso Legal Cookies - Rconnecta","robots":{"index":"index","follow":"follow","max-snippet":"max-snippet:-1","max-image-preview":"max-image-preview:large","max-video-preview":"max-video-preview:-1"},"canonical":"https:\/\/www.rconnecta.cat\/es\/aviso-legal-cookies\/","og_locale":"es_ES","og_type":"article","og_title":"Aviso Legal Cookies - Rconnecta","og_description":"Aviso Llegal De acuerdo con la exigencia del art\u00edculo 10 de la Ley 34\/2002, de 11 de julio, de Servicios de la Sociedad de la Informaci\u00f3n y de Comercio Electr\u00f3nico ...","og_url":"https:\/\/www.rconnecta.cat\/es\/aviso-legal-cookies\/","og_site_name":"Rconnecta","article_publisher":"https:\/\/www.facebook.com\/Rconnecta-104195100959875\/?ref=br_rs","article_modified_time":"2021-02-10T06:50:13+00:00","twitter_card":"summary_large_image","twitter_misc":{"Tiempo de lectura":"12 minutos"},"schema":{"@context":"https:\/\/schema.org","@graph":[{"@type":"WebPage","@id":"https:\/\/www.rconnecta.cat\/es\/aviso-legal-cookies\/","url":"https:\/\/www.rconnecta.cat\/es\/aviso-legal-cookies\/","name":"Aviso Legal Cookies - Rconnecta","isPartOf":{"@id":"https:\/\/www.rconnecta.cat\/es\/#website"},"datePublished":"2021-02-10T06:50:12+00:00","dateModified":"2021-02-10T06:50:13+00:00","breadcrumb":{"@id":"https:\/\/www.rconnecta.cat\/es\/aviso-legal-cookies\/#breadcrumb"},"inLanguage":"es","potentialAction":[{"@type":"ReadAction","target":["https:\/\/www.rconnecta.cat\/es\/aviso-legal-cookies\/"]}]},{"@type":"BreadcrumbList","@id":"https:\/\/www.rconnecta.cat\/es\/aviso-legal-cookies\/#breadcrumb","itemListElement":[{"@type":"ListItem","position":1,"name":"Inici","item":"https:\/\/www.rconnecta.cat\/es\/"},{"@type":"ListItem","position":2,"name":"Aviso Legal Cookies"}]},{"@type":"WebSite","@id":"https:\/\/www.rconnecta.cat\/es\/#website","url":"https:\/\/www.rconnecta.cat\/es\/","name":"Rconnecta","description":"Residus, reciclatge i reutilitzaci\u00f3","publisher":{"@id":"https:\/\/www.rconnecta.cat\/es\/#organization"},"potentialAction":[{"@type":"SearchAction","target":{"@type":"EntryPoint","urlTemplate":"https:\/\/www.rconnecta.cat\/es\/?s={search_term_string}"},"query-input":{"@type":"PropertyValueSpecification","valueRequired":true,"valueName":"search_term_string"}}],"inLanguage":"es"},{"@type":"Organization","@id":"https:\/\/www.rconnecta.cat\/es\/#organization","name":"Rconnecta","url":"https:\/\/www.rconnecta.cat\/es\/","logo":{"@type":"ImageObject","inLanguage":"es","@id":"https:\/\/www.rconnecta.cat\/es\/#\/schema\/logo\/image\/","url":"https:\/\/www.rconnecta.cat\/wp-content\/uploads\/2019\/07\/logo-rconnecta-e1562766508646.png","contentUrl":"https:\/\/www.rconnecta.cat\/wp-content\/uploads\/2019\/07\/logo-rconnecta-e1562766508646.png","width":351,"height":94,"caption":"Rconnecta"},"image":{"@id":"https:\/\/www.rconnecta.cat\/es\/#\/schema\/logo\/image\/"},"sameAs":["https:\/\/www.facebook.com\/Rconnecta-104195100959875\/?ref=br_rs"]}]}},"jetpack_sharing_enabled":true,"_links":{"self":[{"href":"https:\/\/www.rconnecta.cat\/es\/wp-json\/wp\/v2\/pages\/4690","targetHints":{"allow":["GET"]}}],"collection":[{"href":"https:\/\/www.rconnecta.cat\/es\/wp-json\/wp\/v2\/pages"}],"about":[{"href":"https:\/\/www.rconnecta.cat\/es\/wp-json\/wp\/v2\/types\/page"}],"author":[{"embeddable":true,"href":"https:\/\/www.rconnecta.cat\/es\/wp-json\/wp\/v2\/users\/7"}],"replies":[{"embeddable":true,"href":"https:\/\/www.rconnecta.cat\/es\/wp-json\/wp\/v2\/comments?post=4690"}],"version-history":[{"count":1,"href":"https:\/\/www.rconnecta.cat\/es\/wp-json\/wp\/v2\/pages\/4690\/revisions"}],"predecessor-version":[{"id":4691,"href":"https:\/\/www.rconnecta.cat\/es\/wp-json\/wp\/v2\/pages\/4690\/revisions\/4691"}],"wp:attachment":[{"href":"https:\/\/www.rconnecta.cat\/es\/wp-json\/wp\/v2\/media?parent=4690"}],"curies":[{"name":"wp","href":"https:\/\/api.w.org\/{rel}","templated":true}]}}