{"id":6126,"date":"2022-06-09T12:10:55","date_gmt":"2022-06-09T10:10:55","guid":{"rendered":"https:\/\/www.rconnecta.cat\/innofood-awards\/"},"modified":"2022-06-10T07:52:23","modified_gmt":"2022-06-10T05:52:23","slug":"innofood-awards","status":"publish","type":"page","link":"https:\/\/www.rconnecta.cat\/en\/innofood-awards\/","title":{"rendered":"INNOFOOD AWARDS"},"content":{"rendered":"\n<p class=\"has-text-align-left\"><strong>Innolarva, a project from our Cooperative Rconnecta. <\/strong><\/p>\n<p class=\"has-text-align-left\" style=\"text-align: justify;\">Innolarva, utilitza larves d&#8217;insecte per a transformar residus org\u00e0nics agroalimentaris en compost natural, hem guanyat la III edici\u00f3 dels premis InnoFood, impulsats per Mercabarna i Barcelona Activa. Aquests premis s&#8217;emmarquen en el programa InnoFood per a incentivar que projectes i empreses emergents aportin noves solucions i millores en qualsevol dels processos de la cadena de valor aliment\u00e0ria.<\/p>\n<p class=\"has-text-align-left\" style=\"text-align: justify;\">\u00c9s un projecte d&#8217;economia circular que produeix larves per transformar en compost els residus org\u00e0nics i vegetals de la cadena aliment\u00e0ria. Aquest compost, produ\u00eft amb la quitina de les larves, regenera les terres de cultiu sense additius qu\u00edmics. El programa buscava projectes amb solucions innovadores i aspectes sostenibles que volen respondre a reptes de futur del sector alimentari, el nostre projecte ha estat el guanyador tenint en compte aquests reptes. El desenvolupament del programa ha tingut lloc en paral\u00b7lel a la celebraci\u00f3 de la Capitalitat Mundial de l&#8217;Alimentaci\u00f3 Sostenible, amb seu a Barcelona.<\/p>\n\n<p> <\/p>\n\n<p>The new has been published in the following pages:<\/p>\n\n<p>Mercabarna: <a href=\"https:\/\/www.mercabarna.es\/sala-de-premsa\/noticies\/3384\/larves-que-transformen-els-residus-organics-en-compost-projecte-guanyador-del-programa-innofood\" target=\"_blank\" rel=\"noreferrer noopener\">https:\/\/www.mercabarna.es\/sala-de-premsa\/noticies\/3384\/larves-que-transformen-els-residus-organics-en-compost-projecte-guanyador-del-programa-innofood<\/a>.<\/p>\n\n<p>Barcelona Activa:<\/p>\n\n<p>El referente:<a href=\"https:\/\/elreferente.es\/actualidad\/innolarva-gana-la-iii-edicion-de-los-premios-innofood\/\" target=\"_blank\" rel=\"noreferrer noopener\">https:\/\/elreferente.es\/actualidad\/innolarva-gana-la-iii-edicion-de-los-premios-innofood\/<\/a><\/p>\n\n<p>El economista :<a href=\"https:\/\/www.eleconomista.es\/retail-consumo\/noticias\/11788630\/05\/22\/Innolarva-o-como-transformar-con-larvas-de-mosca-las-toneladas-de-vegetales-que-tiramos-a-la-basura.html\" target=\"_blank\" rel=\"noreferrer noopener\">https:\/\/www.eleconomista.es\/retail-consumo\/noticias\/11788630\/05\/22\/Innolarva-o-como-transformar-con-larvas-de-mosca-las-toneladas-de-vegetales-que-tiramos-a-la-basura.html<\/a><\/p>\n\n<p>Barcelona Activa-Ajuntament de Barcelona : <a href=\"https:\/\/ajuntament.barcelona.cat\/premsa\/2022\/04\/22\/una-start-up-que-transforma-els-residus-organics-en-compost-natural-utilitzant-larves-dinsecte-sen-duu-els-12-000-euros-del-premi-innofood\/\" target=\"_blank\" rel=\"noreferrer noopener\">https:\/\/ajuntament.barcelona.cat\/premsa\/2022\/04\/22\/una-start-up-que-transforma-els-residus-organics-en-compost-natural-utilitzant-larves-dinsecte-sen-duu-els-12-000-euros-del-premi-innofood\/<\/a><\/p>\n\n<figure class=\"wp-block-image size-full\"><img loading=\"lazy\" decoding=\"async\" width=\"1024\" height=\"682\" src=\"https:\/\/www.rconnecta.cat\/wp-content\/uploads\/2022\/06\/innolarva-Rosa-Sabat_Director-Mercabarna-1024x682-2.jpg\" alt=\"\" class=\"wp-image-6103\" srcset=\"https:\/\/www.rconnecta.cat\/wp-content\/uploads\/2022\/06\/innolarva-Rosa-Sabat_Director-Mercabarna-1024x682-2.jpg 1024w, https:\/\/www.rconnecta.cat\/wp-content\/uploads\/2022\/06\/innolarva-Rosa-Sabat_Director-Mercabarna-1024x682-2-300x200.jpg 300w, https:\/\/www.rconnecta.cat\/wp-content\/uploads\/2022\/06\/innolarva-Rosa-Sabat_Director-Mercabarna-1024x682-2-768x512.jpg 768w, https:\/\/www.rconnecta.cat\/wp-content\/uploads\/2022\/06\/innolarva-Rosa-Sabat_Director-Mercabarna-1024x682-2-50x33.jpg 50w\" sizes=\"auto, (max-width: 1024px) 100vw, 1024px\" \/><\/figure>","protected":false},"excerpt":{"rendered":"<p>Innolarva, a project from our Cooperative Rconnecta. Innolarva, utilitza larves d&#8217;insecte per a transformar residus org\u00e0nics agroalimentaris en compost natural, hem guanyat la III edici\u00f3 dels premis InnoFood, impulsats per &#8230;<\/p>\n","protected":false},"author":7,"featured_media":0,"parent":0,"menu_order":0,"comment_status":"closed","ping_status":"closed","template":"","meta":{"_exactmetrics_skip_tracking":false,"_exactmetrics_sitenote_active":false,"_exactmetrics_sitenote_note":"","_exactmetrics_sitenote_category":0,"footnotes":""},"class_list":["post-6126","page","type-page","status-publish","hentry"],"yoast_head":"<!-- This site is optimized with the Yoast SEO plugin v27.5 - https:\/\/yoast.com\/product\/yoast-seo-wordpress\/ -->\n<title>INNOFOOD AWARDS - Rconnecta<\/title>\n<meta name=\"robots\" content=\"index, follow, max-snippet:-1, max-image-preview:large, max-video-preview:-1\" \/>\n<link rel=\"canonical\" href=\"https:\/\/www.rconnecta.cat\/en\/innofood-awards\/\" \/>\n<meta property=\"og:locale\" content=\"en_US\" \/>\n<meta property=\"og:type\" content=\"article\" \/>\n<meta property=\"og:title\" content=\"INNOFOOD AWARDS - Rconnecta\" \/>\n<meta property=\"og:description\" content=\"Innolarva, a project from our Cooperative Rconnecta. Innolarva, utilitza larves d&#8217;insecte per a transformar residus org\u00e0nics agroalimentaris en compost natural, hem guanyat la III edici\u00f3 dels premis InnoFood, impulsats per ...\" \/>\n<meta property=\"og:url\" content=\"https:\/\/www.rconnecta.cat\/en\/innofood-awards\/\" \/>\n<meta property=\"og:site_name\" content=\"Rconnecta\" \/>\n<meta property=\"article:publisher\" content=\"https:\/\/www.facebook.com\/Rconnecta-104195100959875\/?ref=br_rs\" \/>\n<meta property=\"article:modified_time\" content=\"2022-06-10T05:52:23+00:00\" \/>\n<meta property=\"og:image\" content=\"https:\/\/www.rconnecta.cat\/wp-content\/uploads\/2022\/06\/innolarva-Rosa-Sabat_Director-Mercabarna-1024x682-2.jpg\" \/>\n<meta name=\"twitter:card\" content=\"summary_large_image\" \/>\n<meta name=\"twitter:label1\" content=\"Est. reading time\" \/>\n\t<meta name=\"twitter:data1\" content=\"1 minute\" \/>\n<script type=\"application\/ld+json\" class=\"yoast-schema-graph\">{\"@context\":\"https:\\\/\\\/schema.org\",\"@graph\":[{\"@type\":\"WebPage\",\"@id\":\"https:\\\/\\\/www.rconnecta.cat\\\/en\\\/innofood-awards\\\/\",\"url\":\"https:\\\/\\\/www.rconnecta.cat\\\/en\\\/innofood-awards\\\/\",\"name\":\"INNOFOOD AWARDS - Rconnecta\",\"isPartOf\":{\"@id\":\"https:\\\/\\\/www.rconnecta.cat\\\/en\\\/#website\"},\"primaryImageOfPage\":{\"@id\":\"https:\\\/\\\/www.rconnecta.cat\\\/en\\\/innofood-awards\\\/#primaryimage\"},\"image\":{\"@id\":\"https:\\\/\\\/www.rconnecta.cat\\\/en\\\/innofood-awards\\\/#primaryimage\"},\"thumbnailUrl\":\"https:\\\/\\\/www.rconnecta.cat\\\/wp-content\\\/uploads\\\/2022\\\/06\\\/innolarva-Rosa-Sabat_Director-Mercabarna-1024x682-2.jpg\",\"datePublished\":\"2022-06-09T10:10:55+00:00\",\"dateModified\":\"2022-06-10T05:52:23+00:00\",\"breadcrumb\":{\"@id\":\"https:\\\/\\\/www.rconnecta.cat\\\/en\\\/innofood-awards\\\/#breadcrumb\"},\"inLanguage\":\"en-US\",\"potentialAction\":[{\"@type\":\"ReadAction\",\"target\":[\"https:\\\/\\\/www.rconnecta.cat\\\/en\\\/innofood-awards\\\/\"]}]},{\"@type\":\"ImageObject\",\"inLanguage\":\"en-US\",\"@id\":\"https:\\\/\\\/www.rconnecta.cat\\\/en\\\/innofood-awards\\\/#primaryimage\",\"url\":\"https:\\\/\\\/www.rconnecta.cat\\\/wp-content\\\/uploads\\\/2022\\\/06\\\/innolarva-Rosa-Sabat_Director-Mercabarna-1024x682-2.jpg\",\"contentUrl\":\"https:\\\/\\\/www.rconnecta.cat\\\/wp-content\\\/uploads\\\/2022\\\/06\\\/innolarva-Rosa-Sabat_Director-Mercabarna-1024x682-2.jpg\"},{\"@type\":\"BreadcrumbList\",\"@id\":\"https:\\\/\\\/www.rconnecta.cat\\\/en\\\/innofood-awards\\\/#breadcrumb\",\"itemListElement\":[{\"@type\":\"ListItem\",\"position\":1,\"name\":\"Inici\",\"item\":\"https:\\\/\\\/www.rconnecta.cat\\\/en\\\/\"},{\"@type\":\"ListItem\",\"position\":2,\"name\":\"INNOFOOD AWARDS\"}]},{\"@type\":\"WebSite\",\"@id\":\"https:\\\/\\\/www.rconnecta.cat\\\/en\\\/#website\",\"url\":\"https:\\\/\\\/www.rconnecta.cat\\\/en\\\/\",\"name\":\"Rconnecta\",\"description\":\"Residus, reciclatge i reutilitzaci\u00f3\",\"publisher\":{\"@id\":\"https:\\\/\\\/www.rconnecta.cat\\\/en\\\/#organization\"},\"potentialAction\":[{\"@type\":\"SearchAction\",\"target\":{\"@type\":\"EntryPoint\",\"urlTemplate\":\"https:\\\/\\\/www.rconnecta.cat\\\/en\\\/?s={search_term_string}\"},\"query-input\":{\"@type\":\"PropertyValueSpecification\",\"valueRequired\":true,\"valueName\":\"search_term_string\"}}],\"inLanguage\":\"en-US\"},{\"@type\":\"Organization\",\"@id\":\"https:\\\/\\\/www.rconnecta.cat\\\/en\\\/#organization\",\"name\":\"Rconnecta\",\"url\":\"https:\\\/\\\/www.rconnecta.cat\\\/en\\\/\",\"logo\":{\"@type\":\"ImageObject\",\"inLanguage\":\"en-US\",\"@id\":\"https:\\\/\\\/www.rconnecta.cat\\\/en\\\/#\\\/schema\\\/logo\\\/image\\\/\",\"url\":\"https:\\\/\\\/www.rconnecta.cat\\\/wp-content\\\/uploads\\\/2019\\\/07\\\/logo-rconnecta-e1562766508646.png\",\"contentUrl\":\"https:\\\/\\\/www.rconnecta.cat\\\/wp-content\\\/uploads\\\/2019\\\/07\\\/logo-rconnecta-e1562766508646.png\",\"width\":351,\"height\":94,\"caption\":\"Rconnecta\"},\"image\":{\"@id\":\"https:\\\/\\\/www.rconnecta.cat\\\/en\\\/#\\\/schema\\\/logo\\\/image\\\/\"},\"sameAs\":[\"https:\\\/\\\/www.facebook.com\\\/Rconnecta-104195100959875\\\/?ref=br_rs\"]}]}<\/script>\n<!-- \/ Yoast SEO plugin. -->","yoast_head_json":{"title":"INNOFOOD AWARDS - Rconnecta","robots":{"index":"index","follow":"follow","max-snippet":"max-snippet:-1","max-image-preview":"max-image-preview:large","max-video-preview":"max-video-preview:-1"},"canonical":"https:\/\/www.rconnecta.cat\/en\/innofood-awards\/","og_locale":"en_US","og_type":"article","og_title":"INNOFOOD AWARDS - Rconnecta","og_description":"Innolarva, a project from our Cooperative Rconnecta. Innolarva, utilitza larves d&#8217;insecte per a transformar residus org\u00e0nics agroalimentaris en compost natural, hem guanyat la III edici\u00f3 dels premis InnoFood, impulsats per ...","og_url":"https:\/\/www.rconnecta.cat\/en\/innofood-awards\/","og_site_name":"Rconnecta","article_publisher":"https:\/\/www.facebook.com\/Rconnecta-104195100959875\/?ref=br_rs","article_modified_time":"2022-06-10T05:52:23+00:00","og_image":[{"url":"https:\/\/www.rconnecta.cat\/wp-content\/uploads\/2022\/06\/innolarva-Rosa-Sabat_Director-Mercabarna-1024x682-2.jpg","type":"","width":"","height":""}],"twitter_card":"summary_large_image","twitter_misc":{"Est. reading time":"1 minute"},"schema":{"@context":"https:\/\/schema.org","@graph":[{"@type":"WebPage","@id":"https:\/\/www.rconnecta.cat\/en\/innofood-awards\/","url":"https:\/\/www.rconnecta.cat\/en\/innofood-awards\/","name":"INNOFOOD AWARDS - Rconnecta","isPartOf":{"@id":"https:\/\/www.rconnecta.cat\/en\/#website"},"primaryImageOfPage":{"@id":"https:\/\/www.rconnecta.cat\/en\/innofood-awards\/#primaryimage"},"image":{"@id":"https:\/\/www.rconnecta.cat\/en\/innofood-awards\/#primaryimage"},"thumbnailUrl":"https:\/\/www.rconnecta.cat\/wp-content\/uploads\/2022\/06\/innolarva-Rosa-Sabat_Director-Mercabarna-1024x682-2.jpg","datePublished":"2022-06-09T10:10:55+00:00","dateModified":"2022-06-10T05:52:23+00:00","breadcrumb":{"@id":"https:\/\/www.rconnecta.cat\/en\/innofood-awards\/#breadcrumb"},"inLanguage":"en-US","potentialAction":[{"@type":"ReadAction","target":["https:\/\/www.rconnecta.cat\/en\/innofood-awards\/"]}]},{"@type":"ImageObject","inLanguage":"en-US","@id":"https:\/\/www.rconnecta.cat\/en\/innofood-awards\/#primaryimage","url":"https:\/\/www.rconnecta.cat\/wp-content\/uploads\/2022\/06\/innolarva-Rosa-Sabat_Director-Mercabarna-1024x682-2.jpg","contentUrl":"https:\/\/www.rconnecta.cat\/wp-content\/uploads\/2022\/06\/innolarva-Rosa-Sabat_Director-Mercabarna-1024x682-2.jpg"},{"@type":"BreadcrumbList","@id":"https:\/\/www.rconnecta.cat\/en\/innofood-awards\/#breadcrumb","itemListElement":[{"@type":"ListItem","position":1,"name":"Inici","item":"https:\/\/www.rconnecta.cat\/en\/"},{"@type":"ListItem","position":2,"name":"INNOFOOD AWARDS"}]},{"@type":"WebSite","@id":"https:\/\/www.rconnecta.cat\/en\/#website","url":"https:\/\/www.rconnecta.cat\/en\/","name":"Rconnecta","description":"Residus, reciclatge i reutilitzaci\u00f3","publisher":{"@id":"https:\/\/www.rconnecta.cat\/en\/#organization"},"potentialAction":[{"@type":"SearchAction","target":{"@type":"EntryPoint","urlTemplate":"https:\/\/www.rconnecta.cat\/en\/?s={search_term_string}"},"query-input":{"@type":"PropertyValueSpecification","valueRequired":true,"valueName":"search_term_string"}}],"inLanguage":"en-US"},{"@type":"Organization","@id":"https:\/\/www.rconnecta.cat\/en\/#organization","name":"Rconnecta","url":"https:\/\/www.rconnecta.cat\/en\/","logo":{"@type":"ImageObject","inLanguage":"en-US","@id":"https:\/\/www.rconnecta.cat\/en\/#\/schema\/logo\/image\/","url":"https:\/\/www.rconnecta.cat\/wp-content\/uploads\/2019\/07\/logo-rconnecta-e1562766508646.png","contentUrl":"https:\/\/www.rconnecta.cat\/wp-content\/uploads\/2019\/07\/logo-rconnecta-e1562766508646.png","width":351,"height":94,"caption":"Rconnecta"},"image":{"@id":"https:\/\/www.rconnecta.cat\/en\/#\/schema\/logo\/image\/"},"sameAs":["https:\/\/www.facebook.com\/Rconnecta-104195100959875\/?ref=br_rs"]}]}},"jetpack_sharing_enabled":true,"_links":{"self":[{"href":"https:\/\/www.rconnecta.cat\/en\/wp-json\/wp\/v2\/pages\/6126","targetHints":{"allow":["GET"]}}],"collection":[{"href":"https:\/\/www.rconnecta.cat\/en\/wp-json\/wp\/v2\/pages"}],"about":[{"href":"https:\/\/www.rconnecta.cat\/en\/wp-json\/wp\/v2\/types\/page"}],"author":[{"embeddable":true,"href":"https:\/\/www.rconnecta.cat\/en\/wp-json\/wp\/v2\/users\/7"}],"replies":[{"embeddable":true,"href":"https:\/\/www.rconnecta.cat\/en\/wp-json\/wp\/v2\/comments?post=6126"}],"version-history":[{"count":7,"href":"https:\/\/www.rconnecta.cat\/en\/wp-json\/wp\/v2\/pages\/6126\/revisions"}],"predecessor-version":[{"id":6139,"href":"https:\/\/www.rconnecta.cat\/en\/wp-json\/wp\/v2\/pages\/6126\/revisions\/6139"}],"wp:attachment":[{"href":"https:\/\/www.rconnecta.cat\/en\/wp-json\/wp\/v2\/media?parent=6126"}],"curies":[{"name":"wp","href":"https:\/\/api.w.org\/{rel}","templated":true}]}}