{"id":4744,"date":"2021-02-10T10:07:44","date_gmt":"2021-02-10T09:07:44","guid":{"rendered":"https:\/\/www.rconnecta.cat\/reuse-service\/"},"modified":"2024-06-11T08:57:42","modified_gmt":"2024-06-11T06:57:42","slug":"reuse-service","status":"publish","type":"page","link":"https:\/\/www.rconnecta.cat\/en\/reuse-service\/","title":{"rendered":"WASTE MANAGEMENT SERVICE"},"content":{"rendered":"<p style=\"text-align: justify;\">Estem preparats per oferir un servei de gesti\u00f3 dels residus tradicional si no li podem donar una altra sortida. Ens encarreguem de la tra\u00e7abilitat dels residus per enc\u00e0rrec de les empreses, des del seu origen fins al dest\u00ed final. <a href=\"_wp_link_placeholder\" data-wplink-edit=\"true\">Registrat<\/a> i deixa\u2019ns fer una revisi\u00f3 del teu DARI (Declaraci\u00f3 Anual de Residus Industrials) GRATU\u00cfTAMENT i veurem si et podem oferir una millora mediambiental de via de gesti\u00f3 que et repercuteixi en una millora econ\u00f2mica.<\/p>\n","protected":false},"excerpt":{"rendered":"<p>Estem preparats per oferir un servei de gesti\u00f3 dels residus tradicional si no li podem donar una altra sortida. Ens encarreguem de la tra\u00e7abilitat dels residus per enc\u00e0rrec de les &#8230;<\/p>\n","protected":false},"author":7,"featured_media":0,"parent":0,"menu_order":0,"comment_status":"closed","ping_status":"closed","template":"","meta":{"_exactmetrics_skip_tracking":false,"_exactmetrics_sitenote_active":false,"_exactmetrics_sitenote_note":"","_exactmetrics_sitenote_category":0,"footnotes":""},"class_list":["post-4744","page","type-page","status-publish","hentry"],"yoast_head":"<!-- This site is optimized with the Yoast SEO plugin v27.4 - https:\/\/yoast.com\/product\/yoast-seo-wordpress\/ -->\n<title>WASTE MANAGEMENT SERVICE - Rconnecta<\/title>\n<meta name=\"robots\" content=\"index, follow, max-snippet:-1, max-image-preview:large, max-video-preview:-1\" \/>\n<link rel=\"canonical\" href=\"https:\/\/www.rconnecta.cat\/en\/reuse-service\/\" \/>\n<meta property=\"og:locale\" content=\"en_US\" \/>\n<meta property=\"og:type\" content=\"article\" \/>\n<meta property=\"og:title\" content=\"WASTE MANAGEMENT SERVICE - Rconnecta\" \/>\n<meta property=\"og:description\" content=\"Estem preparats per oferir un servei de gesti\u00f3 dels residus tradicional si no li podem donar una altra sortida. Ens encarreguem de la tra\u00e7abilitat dels residus per enc\u00e0rrec de les ...\" \/>\n<meta property=\"og:url\" content=\"https:\/\/www.rconnecta.cat\/en\/reuse-service\/\" \/>\n<meta property=\"og:site_name\" content=\"Rconnecta\" \/>\n<meta property=\"article:publisher\" content=\"https:\/\/www.facebook.com\/Rconnecta-104195100959875\/?ref=br_rs\" \/>\n<meta property=\"article:modified_time\" content=\"2024-06-11T06:57:42+00:00\" \/>\n<meta name=\"twitter:card\" content=\"summary_large_image\" \/>\n<script type=\"application\/ld+json\" class=\"yoast-schema-graph\">{\"@context\":\"https:\\\/\\\/schema.org\",\"@graph\":[{\"@type\":\"WebPage\",\"@id\":\"https:\\\/\\\/www.rconnecta.cat\\\/en\\\/reuse-service\\\/\",\"url\":\"https:\\\/\\\/www.rconnecta.cat\\\/en\\\/reuse-service\\\/\",\"name\":\"WASTE MANAGEMENT SERVICE - Rconnecta\",\"isPartOf\":{\"@id\":\"https:\\\/\\\/www.rconnecta.cat\\\/en\\\/#website\"},\"datePublished\":\"2021-02-10T09:07:44+00:00\",\"dateModified\":\"2024-06-11T06:57:42+00:00\",\"breadcrumb\":{\"@id\":\"https:\\\/\\\/www.rconnecta.cat\\\/en\\\/reuse-service\\\/#breadcrumb\"},\"inLanguage\":\"en-US\",\"potentialAction\":[{\"@type\":\"ReadAction\",\"target\":[\"https:\\\/\\\/www.rconnecta.cat\\\/en\\\/reuse-service\\\/\"]}]},{\"@type\":\"BreadcrumbList\",\"@id\":\"https:\\\/\\\/www.rconnecta.cat\\\/en\\\/reuse-service\\\/#breadcrumb\",\"itemListElement\":[{\"@type\":\"ListItem\",\"position\":1,\"name\":\"Inici\",\"item\":\"https:\\\/\\\/www.rconnecta.cat\\\/en\\\/\"},{\"@type\":\"ListItem\",\"position\":2,\"name\":\"WASTE MANAGEMENT SERVICE\"}]},{\"@type\":\"WebSite\",\"@id\":\"https:\\\/\\\/www.rconnecta.cat\\\/en\\\/#website\",\"url\":\"https:\\\/\\\/www.rconnecta.cat\\\/en\\\/\",\"name\":\"Rconnecta\",\"description\":\"Residus, reciclatge i reutilitzaci\u00f3\",\"publisher\":{\"@id\":\"https:\\\/\\\/www.rconnecta.cat\\\/en\\\/#organization\"},\"potentialAction\":[{\"@type\":\"SearchAction\",\"target\":{\"@type\":\"EntryPoint\",\"urlTemplate\":\"https:\\\/\\\/www.rconnecta.cat\\\/en\\\/?s={search_term_string}\"},\"query-input\":{\"@type\":\"PropertyValueSpecification\",\"valueRequired\":true,\"valueName\":\"search_term_string\"}}],\"inLanguage\":\"en-US\"},{\"@type\":\"Organization\",\"@id\":\"https:\\\/\\\/www.rconnecta.cat\\\/en\\\/#organization\",\"name\":\"Rconnecta\",\"url\":\"https:\\\/\\\/www.rconnecta.cat\\\/en\\\/\",\"logo\":{\"@type\":\"ImageObject\",\"inLanguage\":\"en-US\",\"@id\":\"https:\\\/\\\/www.rconnecta.cat\\\/en\\\/#\\\/schema\\\/logo\\\/image\\\/\",\"url\":\"https:\\\/\\\/www.rconnecta.cat\\\/wp-content\\\/uploads\\\/2019\\\/07\\\/logo-rconnecta-e1562766508646.png\",\"contentUrl\":\"https:\\\/\\\/www.rconnecta.cat\\\/wp-content\\\/uploads\\\/2019\\\/07\\\/logo-rconnecta-e1562766508646.png\",\"width\":351,\"height\":94,\"caption\":\"Rconnecta\"},\"image\":{\"@id\":\"https:\\\/\\\/www.rconnecta.cat\\\/en\\\/#\\\/schema\\\/logo\\\/image\\\/\"},\"sameAs\":[\"https:\\\/\\\/www.facebook.com\\\/Rconnecta-104195100959875\\\/?ref=br_rs\"]}]}<\/script>\n<!-- \/ Yoast SEO plugin. -->","yoast_head_json":{"title":"WASTE MANAGEMENT SERVICE - Rconnecta","robots":{"index":"index","follow":"follow","max-snippet":"max-snippet:-1","max-image-preview":"max-image-preview:large","max-video-preview":"max-video-preview:-1"},"canonical":"https:\/\/www.rconnecta.cat\/en\/reuse-service\/","og_locale":"en_US","og_type":"article","og_title":"WASTE MANAGEMENT SERVICE - Rconnecta","og_description":"Estem preparats per oferir un servei de gesti\u00f3 dels residus tradicional si no li podem donar una altra sortida. Ens encarreguem de la tra\u00e7abilitat dels residus per enc\u00e0rrec de les ...","og_url":"https:\/\/www.rconnecta.cat\/en\/reuse-service\/","og_site_name":"Rconnecta","article_publisher":"https:\/\/www.facebook.com\/Rconnecta-104195100959875\/?ref=br_rs","article_modified_time":"2024-06-11T06:57:42+00:00","twitter_card":"summary_large_image","schema":{"@context":"https:\/\/schema.org","@graph":[{"@type":"WebPage","@id":"https:\/\/www.rconnecta.cat\/en\/reuse-service\/","url":"https:\/\/www.rconnecta.cat\/en\/reuse-service\/","name":"WASTE MANAGEMENT SERVICE - Rconnecta","isPartOf":{"@id":"https:\/\/www.rconnecta.cat\/en\/#website"},"datePublished":"2021-02-10T09:07:44+00:00","dateModified":"2024-06-11T06:57:42+00:00","breadcrumb":{"@id":"https:\/\/www.rconnecta.cat\/en\/reuse-service\/#breadcrumb"},"inLanguage":"en-US","potentialAction":[{"@type":"ReadAction","target":["https:\/\/www.rconnecta.cat\/en\/reuse-service\/"]}]},{"@type":"BreadcrumbList","@id":"https:\/\/www.rconnecta.cat\/en\/reuse-service\/#breadcrumb","itemListElement":[{"@type":"ListItem","position":1,"name":"Inici","item":"https:\/\/www.rconnecta.cat\/en\/"},{"@type":"ListItem","position":2,"name":"WASTE MANAGEMENT SERVICE"}]},{"@type":"WebSite","@id":"https:\/\/www.rconnecta.cat\/en\/#website","url":"https:\/\/www.rconnecta.cat\/en\/","name":"Rconnecta","description":"Residus, reciclatge i reutilitzaci\u00f3","publisher":{"@id":"https:\/\/www.rconnecta.cat\/en\/#organization"},"potentialAction":[{"@type":"SearchAction","target":{"@type":"EntryPoint","urlTemplate":"https:\/\/www.rconnecta.cat\/en\/?s={search_term_string}"},"query-input":{"@type":"PropertyValueSpecification","valueRequired":true,"valueName":"search_term_string"}}],"inLanguage":"en-US"},{"@type":"Organization","@id":"https:\/\/www.rconnecta.cat\/en\/#organization","name":"Rconnecta","url":"https:\/\/www.rconnecta.cat\/en\/","logo":{"@type":"ImageObject","inLanguage":"en-US","@id":"https:\/\/www.rconnecta.cat\/en\/#\/schema\/logo\/image\/","url":"https:\/\/www.rconnecta.cat\/wp-content\/uploads\/2019\/07\/logo-rconnecta-e1562766508646.png","contentUrl":"https:\/\/www.rconnecta.cat\/wp-content\/uploads\/2019\/07\/logo-rconnecta-e1562766508646.png","width":351,"height":94,"caption":"Rconnecta"},"image":{"@id":"https:\/\/www.rconnecta.cat\/en\/#\/schema\/logo\/image\/"},"sameAs":["https:\/\/www.facebook.com\/Rconnecta-104195100959875\/?ref=br_rs"]}]}},"jetpack_sharing_enabled":true,"_links":{"self":[{"href":"https:\/\/www.rconnecta.cat\/en\/wp-json\/wp\/v2\/pages\/4744","targetHints":{"allow":["GET"]}}],"collection":[{"href":"https:\/\/www.rconnecta.cat\/en\/wp-json\/wp\/v2\/pages"}],"about":[{"href":"https:\/\/www.rconnecta.cat\/en\/wp-json\/wp\/v2\/types\/page"}],"author":[{"embeddable":true,"href":"https:\/\/www.rconnecta.cat\/en\/wp-json\/wp\/v2\/users\/7"}],"replies":[{"embeddable":true,"href":"https:\/\/www.rconnecta.cat\/en\/wp-json\/wp\/v2\/comments?post=4744"}],"version-history":[{"count":6,"href":"https:\/\/www.rconnecta.cat\/en\/wp-json\/wp\/v2\/pages\/4744\/revisions"}],"predecessor-version":[{"id":6405,"href":"https:\/\/www.rconnecta.cat\/en\/wp-json\/wp\/v2\/pages\/4744\/revisions\/6405"}],"wp:attachment":[{"href":"https:\/\/www.rconnecta.cat\/en\/wp-json\/wp\/v2\/media?parent=4744"}],"curies":[{"name":"wp","href":"https:\/\/api.w.org\/{rel}","templated":true}]}}